{"id":1388,"date":"2022-05-26T15:12:16","date_gmt":"2022-05-26T13:12:16","guid":{"rendered":"https:\/\/clinicadentalstoma.es\/dents\/"},"modified":"2022-12-16T15:00:14","modified_gmt":"2022-12-16T14:00:14","slug":"dientes","status":"publish","type":"page","link":"https:\/\/clinicadentalstoma.es\/es\/dientes\/","title":{"rendered":"Dientes"},"content":{"rendered":"\n<div class=\"wp-block-genesis-blocks-gb-container alignfull site--container interiors final solucio gb-block-container\"><div class=\"gb-container-inside\"><div class=\"gb-container-content\">\n<div class=\"wp-block-cover alignfull is-light has-parallax header--final animated fadeIn slower\"><span aria-hidden=\"true\" class=\"wp-block-cover__background has-black-background-color has-background-dim-30 has-background-dim\"><\/span><div role=\"img\" class=\"wp-block-cover__image-background wp-image-99 has-parallax\" style=\"background-position:50% 50%;background-image:url(https:\/\/clinicadentalstoma.es\/wp-content\/uploads\/2022\/06\/header-dents-scaled.jpg)\"><\/div><div class=\"wp-block-cover__inner-container is-layout-flow wp-block-cover-is-layout-flow\">\n<div class=\"wp-block-genesis-blocks-gb-button container boto-text animated fadeIn delay-1s slower gb-block-button\"><a href=\"https:\/\/clinicadentalstoma.es\/es\/soluciones\/\" class=\"gb-button gb-button-shape-square gb-button-size-medium\" style=\"color:#ffffff;background-color:#3373dc\">Soluciones<\/a><\/div>\n\n\n<h1 class=\"container animated fadeIn delay-1s slower wp-block-post-title\">Dientes<\/h1>\n\n<div class=\"container animated fadeIn delay-1s slower wp-block-post-excerpt\"><p class=\"wp-block-post-excerpt__excerpt\">\u00bfTe est\u00e1n saliendo las muelas del juicio y te duelen? \u00bfTe duelen los dientes o tienes una infecci\u00f3n en la boca? \u00bfSe te ha roto un diente y necesitas reconstruirlo? \u00bfTienes una caries que te molesta o te duele? \u00bfNecesitas implantes dentales? \u00bfTe falta alg\u00fan diente o muela? \u00bfTienes una pr\u00f3tesis dental antigua que necesitas&hellip; <\/p><\/div><\/div><\/div>\n\n\n<style>#kt-layout-id_e7fabc-b9 > .kt-row-column-wrap{align-content:start;}:where(#kt-layout-id_e7fabc-b9 > .kt-row-column-wrap) > .wp-block-kadence-column{justify-content:start;}#kt-layout-id_e7fabc-b9 > .kt-row-column-wrap{column-gap:var(--global-kb-gap-lg, 4rem);row-gap:var(--global-kb-gap-md, 2rem);max-width:50%;margin-left:auto;margin-right:auto;padding-top:var( --global-kb-row-default-top, 25px );padding-bottom:var( --global-kb-row-default-bottom, 25px );padding-top:var(--global-kb-spacing-sm, 1.5rem);padding-bottom:var(--global-kb-spacing-sm, 1.5rem);grid-template-columns:minmax(0, 1fr);}#kt-layout-id_e7fabc-b9 > .kt-row-layout-overlay{opacity:0.30;}@media all and (max-width: 1024px){#kt-layout-id_e7fabc-b9 > .kt-row-column-wrap{max-width:75%;margin-left:auto;margin-right:auto;grid-template-columns:minmax(0, 1fr);}}@media all and (max-width: 767px){#kt-layout-id_e7fabc-b9 > .kt-row-column-wrap{max-width:100%;margin-left:auto;margin-right:auto;grid-template-columns:minmax(0, 1fr);}}<\/style>\n<div class=\"wp-block-kadence-rowlayout alignfull container--fila continguts animated fadeIn slow\"><div id=\"kt-layout-id_e7fabc-b9\" class=\"kt-row-layout-inner kt-layout-id_e7fabc-b9\"><div class=\"kt-row-column-wrap kt-has-1-columns kt-gutter-wider kt-v-gutter-default kt-row-valign-top kt-row-layout-equal kt-tab-layout-inherit kt-m-colapse-left-to-right kt-mobile-layout-row\"><style>.kadence-column_b0dfe1-bd > .kt-inside-inner-col{border-top-width:0px;border-right-width:0px;border-bottom-width:0px;border-left-width:0px;}.kadence-column_b0dfe1-bd > .kt-inside-inner-col,.kadence-column_b0dfe1-bd > .kt-inside-inner-col:before{border-top-left-radius:0px;border-top-right-radius:0px;border-bottom-right-radius:0px;border-bottom-left-radius:0px;}.kadence-column_b0dfe1-bd > .kt-inside-inner-col{column-gap:var(--global-kb-gap-sm, 1rem);}.kadence-column_b0dfe1-bd > .kt-inside-inner-col{flex-direction:column;}.kadence-column_b0dfe1-bd > .kt-inside-inner-col > .aligncenter{width:100%;}.kadence-column_b0dfe1-bd > .kt-inside-inner-col:before{opacity:0.3;}.kadence-column_b0dfe1-bd{position:relative;}@media all and (max-width: 1024px){.kadence-column_b0dfe1-bd > .kt-inside-inner-col{flex-direction:column;justify-content:center;}}@media all and (max-width: 767px){.kadence-column_b0dfe1-bd > .kt-inside-inner-col{flex-direction:column;justify-content:center;}}<\/style>\n<div class=\"wp-block-kadence-column inner-column-1 kadence-column_b0dfe1-bd\"><div class=\"kt-inside-inner-col\"><style>.wp-block-kadence-advancedheading.kt-adv-heading_ed5f3f-dd, .wp-block-kadence-advancedheading.kt-adv-heading_ed5f3f-dd[data-kb-block=\"kb-adv-heading_ed5f3f-dd\"]{font-style:normal;}.wp-block-kadence-advancedheading.kt-adv-heading_ed5f3f-dd mark.kt-highlight, .wp-block-kadence-advancedheading.kt-adv-heading_ed5f3f-dd[data-kb-block=\"kb-adv-heading_ed5f3f-dd\"] mark.kt-highlight{font-style:normal;color:#f76a0c;-webkit-box-decoration-break:clone;box-decoration-break:clone;padding-top:0px;padding-right:0px;padding-bottom:0px;padding-left:0px;}.wp-block-kadence-advancedheading.kt-adv-heading_ed5f3f-dd img.kb-inline-image, .wp-block-kadence-advancedheading.kt-adv-heading_ed5f3f-dd[data-kb-block=\"kb-adv-heading_ed5f3f-dd\"] img.kb-inline-image{width:150px;vertical-align:baseline;}<\/style>\n<h2 class=\"kt-adv-heading_ed5f3f-dd wp-block-kadence-advancedheading\" data-kb-block=\"kb-adv-heading_ed5f3f-dd\">\u00bfTe est\u00e1n saliendo las muelas del juicio y te duelen?<\/h2>\n\n\n\n<p>La aparici\u00f3n del tercer molar (conocido popularmente como \u2018muela del juicio\u2019) se produce cuando el resto de dientes ya ha aparecido. Esto comporta a veces que no haya suficiente espacio, y la enc\u00eda queda por encima de la muela, inflam\u00e1ndose y a menudo infect\u00e1ndose. La intervenci\u00f3n no necesariamente es la extracci\u00f3n de la muela; puede ser que se solucione con una peque\u00f1a intervenci\u00f3n. De cualquier manera, conviene tratamiento para curar la infecci\u00f3n y aliviar el dolor.<\/p>\n\n\n<style>.wp-block-kadence-advancedheading.kt-adv-heading_81c7e8-a2, .wp-block-kadence-advancedheading.kt-adv-heading_81c7e8-a2[data-kb-block=\"kb-adv-heading_81c7e8-a2\"]{font-style:normal;}.wp-block-kadence-advancedheading.kt-adv-heading_81c7e8-a2 mark.kt-highlight, .wp-block-kadence-advancedheading.kt-adv-heading_81c7e8-a2[data-kb-block=\"kb-adv-heading_81c7e8-a2\"] mark.kt-highlight{font-style:normal;color:#f76a0c;-webkit-box-decoration-break:clone;box-decoration-break:clone;padding-top:0px;padding-right:0px;padding-bottom:0px;padding-left:0px;}.wp-block-kadence-advancedheading.kt-adv-heading_81c7e8-a2 img.kb-inline-image, .wp-block-kadence-advancedheading.kt-adv-heading_81c7e8-a2[data-kb-block=\"kb-adv-heading_81c7e8-a2\"] img.kb-inline-image{width:150px;vertical-align:baseline;}<\/style>\n<h2 class=\"kt-adv-heading_81c7e8-a2 wp-block-kadence-advancedheading\" data-kb-block=\"kb-adv-heading_81c7e8-a2\">Te duelen los dientes o tienes una infecci\u00f3n en la boca?<\/h2>\n\n\n\n<p>Hay m\u00faltiples causas que explican estas dolencias y afecciones. Lo m\u00e1s aconsejable es actuar con rapidez, ya que en caso contrario el dolor aumentar\u00e1 y, en el caso de las infecciones, se extender\u00e1n y agravar\u00e1n. En Stoma llevamos m\u00e1s de 40 a\u00f1os tratando patolog\u00edas dentales y bucales: conf\u00eda en nuestro criterio profesional para obtener un diagn\u00f3stico fiable y proceder como corresponda en cada caso.<\/p>\n\n\n<style>.wp-block-kadence-advancedheading.kt-adv-heading_7bcc81-cc, .wp-block-kadence-advancedheading.kt-adv-heading_7bcc81-cc[data-kb-block=\"kb-adv-heading_7bcc81-cc\"]{font-style:normal;}.wp-block-kadence-advancedheading.kt-adv-heading_7bcc81-cc mark.kt-highlight, .wp-block-kadence-advancedheading.kt-adv-heading_7bcc81-cc[data-kb-block=\"kb-adv-heading_7bcc81-cc\"] mark.kt-highlight{font-style:normal;color:#f76a0c;-webkit-box-decoration-break:clone;box-decoration-break:clone;padding-top:0px;padding-right:0px;padding-bottom:0px;padding-left:0px;}.wp-block-kadence-advancedheading.kt-adv-heading_7bcc81-cc img.kb-inline-image, .wp-block-kadence-advancedheading.kt-adv-heading_7bcc81-cc[data-kb-block=\"kb-adv-heading_7bcc81-cc\"] img.kb-inline-image{width:150px;vertical-align:baseline;}<\/style>\n<h2 class=\"kt-adv-heading_7bcc81-cc wp-block-kadence-advancedheading\" data-kb-block=\"kb-adv-heading_7bcc81-cc\">\u00bfSe te ha roto un diente y necesitas reconstruirlo?<\/h2>\n\n\n\n<p>Una vez descartada (o solucionada, si es el caso) una posible infecci\u00f3n, podemos utilizar carillas, resinas compuestas, coronas, etc. Cada caso requiere una soluci\u00f3n diferente, y en Cl\u00ednica Stoma te ayudaremos a tomar la decisi\u00f3n \u00f3ptima para ti.<\/p>\n\n\n<style>.wp-block-kadence-advancedheading.kt-adv-heading_71a735-70, .wp-block-kadence-advancedheading.kt-adv-heading_71a735-70[data-kb-block=\"kb-adv-heading_71a735-70\"]{font-style:normal;}.wp-block-kadence-advancedheading.kt-adv-heading_71a735-70 mark.kt-highlight, .wp-block-kadence-advancedheading.kt-adv-heading_71a735-70[data-kb-block=\"kb-adv-heading_71a735-70\"] mark.kt-highlight{font-style:normal;color:#f76a0c;-webkit-box-decoration-break:clone;box-decoration-break:clone;padding-top:0px;padding-right:0px;padding-bottom:0px;padding-left:0px;}.wp-block-kadence-advancedheading.kt-adv-heading_71a735-70 img.kb-inline-image, .wp-block-kadence-advancedheading.kt-adv-heading_71a735-70[data-kb-block=\"kb-adv-heading_71a735-70\"] img.kb-inline-image{width:150px;vertical-align:baseline;}<\/style>\n<h2 class=\"kt-adv-heading_71a735-70 wp-block-kadence-advancedheading\" data-kb-block=\"kb-adv-heading_71a735-70\">\u00bfTienes una caries que te molesta o te duele?<\/h2>\n\n\n\n<p>Las caries son una patolog\u00eda muy frecuente que requiere una actuaci\u00f3n r\u00e1pida para evitar dolor e infecci\u00f3n. En Stoma apostamos por la resina compuesta como material restaurador.<\/p>\n\n\n<style>.wp-block-kadence-advancedheading.kt-adv-heading_a6b42e-8a, .wp-block-kadence-advancedheading.kt-adv-heading_a6b42e-8a[data-kb-block=\"kb-adv-heading_a6b42e-8a\"]{font-style:normal;}.wp-block-kadence-advancedheading.kt-adv-heading_a6b42e-8a mark.kt-highlight, .wp-block-kadence-advancedheading.kt-adv-heading_a6b42e-8a[data-kb-block=\"kb-adv-heading_a6b42e-8a\"] mark.kt-highlight{font-style:normal;color:#f76a0c;-webkit-box-decoration-break:clone;box-decoration-break:clone;padding-top:0px;padding-right:0px;padding-bottom:0px;padding-left:0px;}.wp-block-kadence-advancedheading.kt-adv-heading_a6b42e-8a img.kb-inline-image, .wp-block-kadence-advancedheading.kt-adv-heading_a6b42e-8a[data-kb-block=\"kb-adv-heading_a6b42e-8a\"] img.kb-inline-image{width:150px;vertical-align:baseline;}<\/style>\n<h2 class=\"kt-adv-heading_a6b42e-8a wp-block-kadence-advancedheading\" data-kb-block=\"kb-adv-heading_a6b42e-8a\">\u00bfNecesitas implantes dentales?<\/h2>\n\n\n\n<p>El equipo de Stoma fue uno de los pioneros en Espa\u00f1a en la cirug\u00eda de implantes, tras un periodo de formaci\u00f3n en Suecia con los mejores especialistas del mundo. Actualmente, los profesionales de nuestra cl\u00ednica son una referencia en el entorno m\u00e9dico y es habitual que acudan a ellos para resolver los casos m\u00e1s dif\u00edciles y complejos.<\/p>\n\n\n<style>.wp-block-kadence-advancedheading.kt-adv-heading_784a4d-89, .wp-block-kadence-advancedheading.kt-adv-heading_784a4d-89[data-kb-block=\"kb-adv-heading_784a4d-89\"]{font-style:normal;}.wp-block-kadence-advancedheading.kt-adv-heading_784a4d-89 mark.kt-highlight, .wp-block-kadence-advancedheading.kt-adv-heading_784a4d-89[data-kb-block=\"kb-adv-heading_784a4d-89\"] mark.kt-highlight{font-style:normal;color:#f76a0c;-webkit-box-decoration-break:clone;box-decoration-break:clone;padding-top:0px;padding-right:0px;padding-bottom:0px;padding-left:0px;}.wp-block-kadence-advancedheading.kt-adv-heading_784a4d-89 img.kb-inline-image, .wp-block-kadence-advancedheading.kt-adv-heading_784a4d-89[data-kb-block=\"kb-adv-heading_784a4d-89\"] img.kb-inline-image{width:150px;vertical-align:baseline;}<\/style>\n<h2 class=\"kt-adv-heading_784a4d-89 wp-block-kadence-advancedheading\" data-kb-block=\"kb-adv-heading_784a4d-89\">\u00bfTe falta alg\u00fan diente o muela?<\/h2>\n\n\n\n<p>La falta de un diente o muela dificulta la masticaci\u00f3n y empeora nuestra salud bucodental, ya que el resto de dientes tender\u00e1n a ocupar el espacio dejado por la pieza ausente. Podemos solucionarlo con un implante o, si la ra\u00edz est\u00e1 intacta, solventarlo con una corona. En cualquier caso, es conveniente actuar.<\/p>\n\n\n<style>.wp-block-kadence-advancedheading.kt-adv-heading_00feb5-90, .wp-block-kadence-advancedheading.kt-adv-heading_00feb5-90[data-kb-block=\"kb-adv-heading_00feb5-90\"]{font-style:normal;}.wp-block-kadence-advancedheading.kt-adv-heading_00feb5-90 mark.kt-highlight, .wp-block-kadence-advancedheading.kt-adv-heading_00feb5-90[data-kb-block=\"kb-adv-heading_00feb5-90\"] mark.kt-highlight{font-style:normal;color:#f76a0c;-webkit-box-decoration-break:clone;box-decoration-break:clone;padding-top:0px;padding-right:0px;padding-bottom:0px;padding-left:0px;}.wp-block-kadence-advancedheading.kt-adv-heading_00feb5-90 img.kb-inline-image, .wp-block-kadence-advancedheading.kt-adv-heading_00feb5-90[data-kb-block=\"kb-adv-heading_00feb5-90\"] img.kb-inline-image{width:150px;vertical-align:baseline;}<\/style>\n<h2 class=\"kt-adv-heading_00feb5-90 wp-block-kadence-advancedheading\" data-kb-block=\"kb-adv-heading_00feb5-90\">\u00bfTienes una pr\u00f3tesis dental antigua que necesitas cambiar?<\/h2>\n\n\n\n<p>Cuando hablamos de pr\u00f3tesis dentales, es fundamental una buena planificaci\u00f3n del caso; desde el diente unitario hasta la restauraci\u00f3n total de la boca. Por ello en Stoma el protesista es el encargado de valorar el caso y poder dirigir el tratamiento a Cliente. Actualmente los resultados que se obtienen con estas t\u00e9cnicas y materiales son espectaculares.<\/p>\n\n\n<style>.wp-block-kadence-advancedheading.kt-adv-heading_bfc1d4-d8, .wp-block-kadence-advancedheading.kt-adv-heading_bfc1d4-d8[data-kb-block=\"kb-adv-heading_bfc1d4-d8\"]{font-style:normal;}.wp-block-kadence-advancedheading.kt-adv-heading_bfc1d4-d8 mark.kt-highlight, .wp-block-kadence-advancedheading.kt-adv-heading_bfc1d4-d8[data-kb-block=\"kb-adv-heading_bfc1d4-d8\"] mark.kt-highlight{font-style:normal;color:#f76a0c;-webkit-box-decoration-break:clone;box-decoration-break:clone;padding-top:0px;padding-right:0px;padding-bottom:0px;padding-left:0px;}.wp-block-kadence-advancedheading.kt-adv-heading_bfc1d4-d8 img.kb-inline-image, .wp-block-kadence-advancedheading.kt-adv-heading_bfc1d4-d8[data-kb-block=\"kb-adv-heading_bfc1d4-d8\"] img.kb-inline-image{width:150px;vertical-align:baseline;}<\/style>\n<h2 class=\"kt-adv-heading_bfc1d4-d8 wp-block-kadence-advancedheading\" data-kb-block=\"kb-adv-heading_bfc1d4-d8\">\u00bfTienes los dientes desgastados?<\/h2>\n\n\n\n<p>Como en los casos de fractura dental, hay diferentes tratamientos, que pueden ir desde carillas de porcelana hasta resinas y\/o coronas. Siempre es fundamental el asesoramiento de profesionales experimentados.<\/p>\n<\/div><\/div>\n<\/div><\/div><\/div>\n<\/div><\/div><\/div>\n\n\n<style>#kt-layout-id_b6d9b5-ad > .kt-row-column-wrap{align-content:start;}:where(#kt-layout-id_b6d9b5-ad > .kt-row-column-wrap) > .wp-block-kadence-column{justify-content:start;}#kt-layout-id_b6d9b5-ad > .kt-row-column-wrap{column-gap:var(--global-kb-gap-none, 0rem );row-gap:var(--global-kb-gap-md, 2rem);padding-top:var( --global-kb-row-default-top, 25px );padding-bottom:var( --global-kb-row-default-bottom, 25px );padding-top:var(--global-kb-spacing-sm, 1.5rem);padding-bottom:var(--global-kb-spacing-sm, 1.5rem);grid-template-columns:repeat(2, minmax(0, 1fr));}#kt-layout-id_b6d9b5-ad > .kt-row-layout-overlay{opacity:0.30;}@media all and (max-width: 1024px){#kt-layout-id_b6d9b5-ad > .kt-row-column-wrap{grid-template-columns:repeat(2, minmax(0, 1fr));}}@media all and (max-width: 767px){#kt-layout-id_b6d9b5-ad > .kt-row-column-wrap{grid-template-columns:minmax(0, 1fr);}}<\/style>\n<div class=\"wp-block-kadence-rowlayout alignfull container--fila footer--visitans animated fadeIn slow\"><div id=\"kt-layout-id_b6d9b5-ad\" class=\"kt-row-layout-inner kt-layout-id_b6d9b5-ad\"><div class=\"kt-row-column-wrap kt-has-2-columns kt-gutter-none kt-v-gutter-default kt-row-valign-top kt-row-layout-equal kt-tab-layout-inherit kt-m-colapse-left-to-right kt-mobile-layout-row\"><style>.kadence-column_86f91a-fa > .kt-inside-inner-col{border-top-width:0px;border-right-width:0px;border-bottom-width:0px;border-left-width:0px;}.kadence-column_86f91a-fa > .kt-inside-inner-col,.kadence-column_86f91a-fa > .kt-inside-inner-col:before{border-top-left-radius:0px;border-top-right-radius:0px;border-bottom-right-radius:0px;border-bottom-left-radius:0px;}.kadence-column_86f91a-fa > .kt-inside-inner-col{column-gap:var(--global-kb-gap-sm, 1rem);}.kadence-column_86f91a-fa > .kt-inside-inner-col{flex-direction:column;}.kadence-column_86f91a-fa > .kt-inside-inner-col > .aligncenter{width:100%;}.kadence-column_86f91a-fa > .kt-inside-inner-col:before{opacity:0.3;}.kadence-column_86f91a-fa{position:relative;}@media all and (max-width: 1024px){.kadence-column_86f91a-fa > .kt-inside-inner-col{flex-direction:column;justify-content:center;}}@media all and (max-width: 767px){.kadence-column_86f91a-fa > .kt-inside-inner-col{flex-direction:column;justify-content:center;}}<\/style>\n<div class=\"wp-block-kadence-column inner-column-1 kadence-column_86f91a-fa container--fila--caixa--padding-left columna--visitans\"><div class=\"kt-inside-inner-col\">\n<p class=\"h1\">Vis\u00edtanos<\/p>\n\n\n<style>#kt-layout-id_271f95-e8{margin-top:0px;margin-bottom:0px;}#kt-layout-id_271f95-e8 > .kt-row-column-wrap{align-content:start;}:where(#kt-layout-id_271f95-e8 > .kt-row-column-wrap) > .wp-block-kadence-column{justify-content:start;}#kt-layout-id_271f95-e8 > .kt-row-column-wrap{column-gap:var(--global-kb-gap-md, 2rem);row-gap:var(--global-kb-gap-md, 2rem);padding-top:var( --global-kb-row-default-top, 25px );padding-bottom:var( --global-kb-row-default-bottom, 25px );padding-top:0px;padding-bottom:0px;}#kt-layout-id_271f95-e8 > .kt-row-column-wrap > div:not(.added-for-specificity){grid-column:initial;}#kt-layout-id_271f95-e8 > .kt-row-column-wrap{grid-template-columns:minmax(0, 1fr);}#kt-layout-id_271f95-e8 > .kt-row-layout-overlay{opacity:0.30;}@media all and (max-width: 1024px){#kt-layout-id_271f95-e8 > .kt-row-column-wrap > div:not(.added-for-specificity){grid-column:initial;}}@media all and (max-width: 1024px){#kt-layout-id_271f95-e8 > .kt-row-column-wrap{grid-template-columns:minmax(0, 1fr);}}@media all and (max-width: 767px){#kt-layout-id_271f95-e8 > .kt-row-column-wrap > div:not(.added-for-specificity){grid-column:initial;}#kt-layout-id_271f95-e8 > .kt-row-column-wrap{grid-template-columns:minmax(0, 1fr);}}<\/style>\n<div class=\"wp-block-kadence-rowlayout alignnone\"><div id=\"kt-layout-id_271f95-e8\" class=\"kt-row-layout-inner kt-layout-id_271f95-e8\"><div class=\"kt-row-column-wrap kt-has-3-columns kt-gutter-default kt-v-gutter-default kt-row-valign-top kt-row-layout-row kt-tab-layout-inherit kt-m-colapse-left-to-right kt-mobile-layout-row\"><style>.kadence-column_4cbbd2-b3 > .kt-inside-inner-col{padding-top:0px;padding-bottom:0px;}.kadence-column_4cbbd2-b3 > .kt-inside-inner-col{border-top-width:0px;border-right-width:0px;border-bottom-width:0px;border-left-width:0px;}.kadence-column_4cbbd2-b3 > .kt-inside-inner-col,.kadence-column_4cbbd2-b3 > .kt-inside-inner-col:before{border-top-left-radius:0px;border-top-right-radius:0px;border-bottom-right-radius:0px;border-bottom-left-radius:0px;}.kadence-column_4cbbd2-b3 > .kt-inside-inner-col{column-gap:var(--global-kb-gap-sm, 1rem);}.kadence-column_4cbbd2-b3 > .kt-inside-inner-col{flex-direction:column;}.kadence-column_4cbbd2-b3 > .kt-inside-inner-col > .aligncenter{width:100%;}.kadence-column_4cbbd2-b3 > .kt-inside-inner-col:before{opacity:0.3;}.kadence-column_4cbbd2-b3{position:relative;}.wp-block-kadence-column.kadence-column_4cbbd2-b3 > .kt-inside-inner-col{margin-top:0px;margin-bottom:0px;}@media all and (max-width: 1024px){.kadence-column_4cbbd2-b3 > .kt-inside-inner-col{flex-direction:column;justify-content:center;}}@media all and (max-width: 767px){.kadence-column_4cbbd2-b3 > .kt-inside-inner-col{flex-direction:column;justify-content:center;}}<\/style>\n<div class=\"wp-block-kadence-column inner-column-1 kadence-column_4cbbd2-b3 visitans--adreca\"><div class=\"kt-inside-inner-col\">\n<p>C\/ Ganduxer 47, Bajos. 08021 Barcelona.<br>Tel\u00e9fono: <a href=\"tel:34932012511\">(34) 932 012 511<\/a><br>Email: <a href=\"mailto:info@clinicadentalstoma.es\">info@clinicadentalstoma.es<\/a><\/p>\n<\/div><\/div>\n\n\n<style>.kadence-column_655b74-73 > .kt-inside-inner-col{padding-top:0px;padding-bottom:0px;}.kadence-column_655b74-73 > .kt-inside-inner-col{border-top-width:0px;border-right-width:0px;border-bottom-width:0px;border-left-width:0px;}.kadence-column_655b74-73 > .kt-inside-inner-col,.kadence-column_655b74-73 > .kt-inside-inner-col:before{border-top-left-radius:0px;border-top-right-radius:0px;border-bottom-right-radius:0px;border-bottom-left-radius:0px;}.kadence-column_655b74-73 > .kt-inside-inner-col{column-gap:var(--global-kb-gap-sm, 1rem);}.kadence-column_655b74-73 > .kt-inside-inner-col{flex-direction:column;}.kadence-column_655b74-73 > .kt-inside-inner-col > .aligncenter{width:100%;}.kadence-column_655b74-73 > .kt-inside-inner-col:before{opacity:0.3;}.kadence-column_655b74-73{position:relative;}.wp-block-kadence-column.kadence-column_655b74-73 > .kt-inside-inner-col{margin-top:0px;margin-bottom:0px;}@media all and (max-width: 1024px){.kadence-column_655b74-73 > .kt-inside-inner-col{flex-direction:column;justify-content:center;}}@media all and (max-width: 767px){.kadence-column_655b74-73 > .kt-inside-inner-col{flex-direction:column;justify-content:center;}}<\/style>\n<div class=\"wp-block-kadence-column inner-column-2 kadence-column_655b74-73 visitans--transport\"><div class=\"kt-inside-inner-col\">\n<p>Ferrocarriles de la Generalitat, l\u00edneas S6, S7. Estaci\u00f3n: La Bonanova.<br>Bus V11 y 68: Parada V\u00eda Augusta-Ganduxer.<br>Bus 70 y H6: Parada Mitre-Dr. Fleming.<br>Parking m\u00e1s cercano:<br>Ganduxer 25-27 (INDIGO). 1h gratuita.<\/p>\n<\/div><\/div>\n\n\n<style>.kadence-column_54a279-62 > .kt-inside-inner-col{padding-top:0px;padding-bottom:0px;}.kadence-column_54a279-62 > .kt-inside-inner-col{border-top-width:0px;border-right-width:0px;border-bottom-width:0px;border-left-width:0px;}.kadence-column_54a279-62 > .kt-inside-inner-col,.kadence-column_54a279-62 > .kt-inside-inner-col:before{border-top-left-radius:0px;border-top-right-radius:0px;border-bottom-right-radius:0px;border-bottom-left-radius:0px;}.kadence-column_54a279-62 > .kt-inside-inner-col{column-gap:var(--global-kb-gap-sm, 1rem);}.kadence-column_54a279-62 > .kt-inside-inner-col{flex-direction:column;}.kadence-column_54a279-62 > .kt-inside-inner-col > .aligncenter{width:100%;}.kadence-column_54a279-62 > .kt-inside-inner-col:before{opacity:0.3;}.kadence-column_54a279-62{position:relative;}.wp-block-kadence-column.kadence-column_54a279-62 > .kt-inside-inner-col{margin-top:0px;margin-bottom:0px;}@media all and (max-width: 1024px){.kadence-column_54a279-62 > .kt-inside-inner-col{flex-direction:column;justify-content:center;}}@media all and (max-width: 767px){.kadence-column_54a279-62 > .kt-inside-inner-col{flex-direction:column;justify-content:center;}}<\/style>\n<div class=\"wp-block-kadence-column inner-column-3 kadence-column_54a279-62 visitans--horari\"><div class=\"kt-inside-inner-col\">\n<p>Lunes a Jueves de 8h a 20h.<br>Viernes de 8h a 14h.<\/p>\n<\/div><\/div>\n<\/div><\/div><\/div>\n<\/div><\/div>\n\n\n<style>.kadence-column_9950eb-92 > .kt-inside-inner-col{border-top-width:0px;border-right-width:0px;border-bottom-width:0px;border-left-width:0px;}.kadence-column_9950eb-92 > .kt-inside-inner-col,.kadence-column_9950eb-92 > .kt-inside-inner-col:before{border-top-left-radius:0px;border-top-right-radius:0px;border-bottom-right-radius:0px;border-bottom-left-radius:0px;}.kadence-column_9950eb-92 > .kt-inside-inner-col{column-gap:var(--global-kb-gap-sm, 1rem);}.kadence-column_9950eb-92 > .kt-inside-inner-col{flex-direction:column;}.kadence-column_9950eb-92 > .kt-inside-inner-col > .aligncenter{width:100%;}.kadence-column_9950eb-92 > .kt-inside-inner-col:before{opacity:0.3;}.kadence-column_9950eb-92{position:relative;}@media all and (max-width: 1024px){.kadence-column_9950eb-92 > .kt-inside-inner-col{flex-direction:column;justify-content:center;}}@media all and (max-width: 767px){.kadence-column_9950eb-92 > .kt-inside-inner-col{flex-direction:column;justify-content:center;}}<\/style>\n<div class=\"wp-block-kadence-column inner-column-2 kadence-column_9950eb-92 mapa\"><div class=\"kt-inside-inner-col\">\n<iframe src=\"https:\/\/www.google.com\/maps\/embed?pb=!1m14!1m8!1m3!1d11971.97079961514!2d2.1365786!3d41.3959649!3m2!1i1024!2i768!4f13.1!3m3!1m2!1s0x0%3A0xf0371b8857c7155!2sDental%20Clinic%20Stoma!5e0!3m2!1sca!2ses!4v1671449316401!5m2!1sca!2ses\" style=\"border:0; width:100%; height:100%;\" allowfullscreen=\" \" loading=\"lazy\" title=\"Mapa de la cl\u00ednica\" referrerpolicy=\"no-referrer-when-downgrade\"><\/iframe>\n<\/div><\/div>\n<\/div><\/div><\/div>\n","protected":false},"excerpt":{"rendered":"<p>\u00bfTe est\u00e1n saliendo las muelas del juicio y te duelen? \u00bfTe duelen los dientes o tienes una infecci\u00f3n en la boca? \u00bfSe te ha roto un diente y necesitas reconstruirlo? \u00bfTienes una caries que te molesta o te duele? \u00bfNecesitas implantes dentales? \u00bfTe falta alg\u00fan diente o muela? \u00bfTienes una pr\u00f3tesis dental antigua que necesitas cambiar? \u00bfTienes los dientes desgastados?<\/p>\n","protected":false},"author":1,"featured_media":0,"parent":0,"menu_order":0,"comment_status":"closed","ping_status":"closed","template":"templates\/template-builder.php","meta":{"inline_featured_image":false,"footnotes":""},"class_list":["post-1388","page","type-page","status-publish","hentry","post","without-featured-image"],"featured_image_src":null,"featured_image_src_square":null,"_links":{"self":[{"href":"https:\/\/clinicadentalstoma.es\/es\/wp-json\/wp\/v2\/pages\/1388","targetHints":{"allow":["GET"]}}],"collection":[{"href":"https:\/\/clinicadentalstoma.es\/es\/wp-json\/wp\/v2\/pages"}],"about":[{"href":"https:\/\/clinicadentalstoma.es\/es\/wp-json\/wp\/v2\/types\/page"}],"author":[{"embeddable":true,"href":"https:\/\/clinicadentalstoma.es\/es\/wp-json\/wp\/v2\/users\/1"}],"replies":[{"embeddable":true,"href":"https:\/\/clinicadentalstoma.es\/es\/wp-json\/wp\/v2\/comments?post=1388"}],"version-history":[{"count":3,"href":"https:\/\/clinicadentalstoma.es\/es\/wp-json\/wp\/v2\/pages\/1388\/revisions"}],"predecessor-version":[{"id":1908,"href":"https:\/\/clinicadentalstoma.es\/es\/wp-json\/wp\/v2\/pages\/1388\/revisions\/1908"}],"wp:attachment":[{"href":"https:\/\/clinicadentalstoma.es\/es\/wp-json\/wp\/v2\/media?parent=1388"}],"curies":[{"name":"wp","href":"https:\/\/api.w.org\/{rel}","templated":true}]}}