{"id":1406,"date":"2022-05-26T15:12:36","date_gmt":"2022-05-26T13:12:36","guid":{"rendered":"https:\/\/clinicadentalstoma.es\/genives\/"},"modified":"2022-12-16T15:04:06","modified_gmt":"2022-12-16T14:04:06","slug":"encias","status":"publish","type":"page","link":"https:\/\/clinicadentalstoma.es\/es\/encias\/","title":{"rendered":"Enc\u00edas"},"content":{"rendered":"\n<div class=\"wp-block-genesis-blocks-gb-container alignfull site--container interiors final solucio gb-block-container\"><div class=\"gb-container-inside\"><div class=\"gb-container-content\">\n<div class=\"wp-block-cover alignfull is-light has-parallax header--final animated fadeIn slower\"><span aria-hidden=\"true\" class=\"wp-block-cover__background has-black-background-color has-background-dim-30 has-background-dim\"><\/span><div role=\"img\" class=\"wp-block-cover__image-background wp-image-100 has-parallax\" style=\"background-position:50% 50%;background-image:url(https:\/\/clinicadentalstoma.es\/wp-content\/uploads\/2022\/06\/header-genives-scaled.jpg)\"><\/div><div class=\"wp-block-cover__inner-container is-layout-flow wp-block-cover-is-layout-flow\">\n<div class=\"wp-block-genesis-blocks-gb-button container boto-text animated fadeIn delay-1s slower gb-block-button\"><a href=\"https:\/\/clinicadentalstoma.es\/es\/soluciones\/\" class=\"gb-button gb-button-shape-square gb-button-size-medium\" style=\"color:#ffffff;background-color:#3373dc\">Soluciones<\/a><\/div>\n\n\n<h1 class=\"container animated fadeIn delay-1s slower wp-block-post-title\">Enc\u00edas<\/h1>\n\n<div class=\"container animated fadeIn delay-1s slower wp-block-post-excerpt\"><p class=\"wp-block-post-excerpt__excerpt\">\u00bfTe sangran las enc\u00edas? \u00bfTienes un exceso de enc\u00eda? \u00bfTe duelen las enc\u00edas? \u00bfSe te retraen las enc\u00edas? \u00bfSufres p\u00e9rdida de hueso? \u00bfNecesitas hacerte una limpieza dental? <\/p><\/div><\/div><\/div>\n\n\n<style>#kt-layout-id_734891-c5 > .kt-row-column-wrap{align-content:start;}:where(#kt-layout-id_734891-c5 > .kt-row-column-wrap) > .wp-block-kadence-column{justify-content:start;}#kt-layout-id_734891-c5 > .kt-row-column-wrap{column-gap:var(--global-kb-gap-lg, 4rem);row-gap:var(--global-kb-gap-md, 2rem);max-width:50%;margin-left:auto;margin-right:auto;padding-top:var( --global-kb-row-default-top, 25px );padding-bottom:var( --global-kb-row-default-bottom, 25px );padding-top:var(--global-kb-spacing-sm, 1.5rem);padding-bottom:var(--global-kb-spacing-sm, 1.5rem);grid-template-columns:minmax(0, 1fr);}#kt-layout-id_734891-c5 > .kt-row-layout-overlay{opacity:0.30;}@media all and (max-width: 1024px){#kt-layout-id_734891-c5 > .kt-row-column-wrap{max-width:75%;margin-left:auto;margin-right:auto;grid-template-columns:minmax(0, 1fr);}}@media all and (max-width: 767px){#kt-layout-id_734891-c5 > .kt-row-column-wrap{max-width:100%;margin-left:auto;margin-right:auto;grid-template-columns:minmax(0, 1fr);}}<\/style>\n<div class=\"wp-block-kadence-rowlayout alignfull container--fila continguts animated fadeIn slow\"><div id=\"kt-layout-id_734891-c5\" class=\"kt-row-layout-inner kt-layout-id_734891-c5\"><div class=\"kt-row-column-wrap kt-has-1-columns kt-gutter-wider kt-v-gutter-default kt-row-valign-top kt-row-layout-equal kt-tab-layout-inherit kt-m-colapse-left-to-right kt-mobile-layout-row\"><style>.kadence-column_b0dfe1-bd > .kt-inside-inner-col{border-top-width:0px;border-right-width:0px;border-bottom-width:0px;border-left-width:0px;}.kadence-column_b0dfe1-bd > .kt-inside-inner-col,.kadence-column_b0dfe1-bd > .kt-inside-inner-col:before{border-top-left-radius:0px;border-top-right-radius:0px;border-bottom-right-radius:0px;border-bottom-left-radius:0px;}.kadence-column_b0dfe1-bd > .kt-inside-inner-col{column-gap:var(--global-kb-gap-sm, 1rem);}.kadence-column_b0dfe1-bd > .kt-inside-inner-col{flex-direction:column;}.kadence-column_b0dfe1-bd > .kt-inside-inner-col > .aligncenter{width:100%;}.kadence-column_b0dfe1-bd > .kt-inside-inner-col:before{opacity:0.3;}.kadence-column_b0dfe1-bd{position:relative;}@media all and (max-width: 1024px){.kadence-column_b0dfe1-bd > .kt-inside-inner-col{flex-direction:column;justify-content:center;}}@media all and (max-width: 767px){.kadence-column_b0dfe1-bd > .kt-inside-inner-col{flex-direction:column;justify-content:center;}}<\/style>\n<div class=\"wp-block-kadence-column inner-column-1 kadence-column_b0dfe1-bd\"><div class=\"kt-inside-inner-col\"><style>.wp-block-kadence-advancedheading.kt-adv-heading_1e33af-e3, .wp-block-kadence-advancedheading.kt-adv-heading_1e33af-e3[data-kb-block=\"kb-adv-heading_1e33af-e3\"]{font-style:normal;}.wp-block-kadence-advancedheading.kt-adv-heading_1e33af-e3 mark.kt-highlight, .wp-block-kadence-advancedheading.kt-adv-heading_1e33af-e3[data-kb-block=\"kb-adv-heading_1e33af-e3\"] mark.kt-highlight{font-style:normal;color:#f76a0c;-webkit-box-decoration-break:clone;box-decoration-break:clone;padding-top:0px;padding-right:0px;padding-bottom:0px;padding-left:0px;}.wp-block-kadence-advancedheading.kt-adv-heading_1e33af-e3 img.kb-inline-image, .wp-block-kadence-advancedheading.kt-adv-heading_1e33af-e3[data-kb-block=\"kb-adv-heading_1e33af-e3\"] img.kb-inline-image{width:150px;vertical-align:baseline;}<\/style>\n<h2 class=\"kt-adv-heading_1e33af-e3 wp-block-kadence-advancedheading\" data-kb-block=\"kb-adv-heading_1e33af-e3\">\u00bfTe sangran las enc\u00edas?<\/h2>\n\n\n\n<p>Contrariamente a lo que muchos creen, el sangrado de enc\u00edas no es algo normal. Implica que hay alguna enfermedad que puede dar lugar a la gingivitis. El problema es que a menudo este sangrado se produce mientras nos cepillamos los dientes, lo que lleva err\u00f3neamente a abandonar la higiene de boca. Esto agrava la situaci\u00f3n y puede ser fuente de patolog\u00edas cada vez m\u00e1s importantes. El equipo de especialistas de Cl\u00ednica Stoma elaborar\u00e1 un diagn\u00f3stico y prescribir\u00e1 un tratamiento. Adem\u00e1s, te ayudar\u00e1 a establecer las medidas preventivas para minimizar los riesgos de reca\u00edda.<\/p>\n\n\n<style>.wp-block-kadence-advancedheading.kt-adv-heading_74dd0d-41, .wp-block-kadence-advancedheading.kt-adv-heading_74dd0d-41[data-kb-block=\"kb-adv-heading_74dd0d-41\"]{font-style:normal;}.wp-block-kadence-advancedheading.kt-adv-heading_74dd0d-41 mark.kt-highlight, .wp-block-kadence-advancedheading.kt-adv-heading_74dd0d-41[data-kb-block=\"kb-adv-heading_74dd0d-41\"] mark.kt-highlight{font-style:normal;color:#f76a0c;-webkit-box-decoration-break:clone;box-decoration-break:clone;padding-top:0px;padding-right:0px;padding-bottom:0px;padding-left:0px;}.wp-block-kadence-advancedheading.kt-adv-heading_74dd0d-41 img.kb-inline-image, .wp-block-kadence-advancedheading.kt-adv-heading_74dd0d-41[data-kb-block=\"kb-adv-heading_74dd0d-41\"] img.kb-inline-image{width:150px;vertical-align:baseline;}<\/style>\n<h2 class=\"kt-adv-heading_74dd0d-41 wp-block-kadence-advancedheading\" data-kb-block=\"kb-adv-heading_74dd0d-41\">\u00bfTienes un exceso de enc\u00eda?<\/h2>\n\n\n\n<p>Algunas personas se encuentran inc\u00f3modas con el aspecto de su boca al sonre\u00edr, ya que las enc\u00edas son m\u00e1s visibles de lo que desear\u00edan. En muchos casos, esto se puede solucionar con una intervenci\u00f3n de microcirug\u00eda, a trav\u00e9s de la cual se elimina parte de la enc\u00eda y se da, as\u00ed, m\u00e1s protagonismo a los dientes. El resultado es una boca bonita que afianza nuestra seguridad al sonre\u00edr.<\/p>\n\n\n<style>.wp-block-kadence-advancedheading.kt-adv-heading_b8487f-a5, .wp-block-kadence-advancedheading.kt-adv-heading_b8487f-a5[data-kb-block=\"kb-adv-heading_b8487f-a5\"]{font-style:normal;}.wp-block-kadence-advancedheading.kt-adv-heading_b8487f-a5 mark.kt-highlight, .wp-block-kadence-advancedheading.kt-adv-heading_b8487f-a5[data-kb-block=\"kb-adv-heading_b8487f-a5\"] mark.kt-highlight{font-style:normal;color:#f76a0c;-webkit-box-decoration-break:clone;box-decoration-break:clone;padding-top:0px;padding-right:0px;padding-bottom:0px;padding-left:0px;}.wp-block-kadence-advancedheading.kt-adv-heading_b8487f-a5 img.kb-inline-image, .wp-block-kadence-advancedheading.kt-adv-heading_b8487f-a5[data-kb-block=\"kb-adv-heading_b8487f-a5\"] img.kb-inline-image{width:150px;vertical-align:baseline;}<\/style>\n<h2 class=\"kt-adv-heading_b8487f-a5 wp-block-kadence-advancedheading\" data-kb-block=\"kb-adv-heading_b8487f-a5\">\u00bfTe duelen las enc\u00edas?<\/h2>\n\n\n\n<p>Las enc\u00edas son un buen \u2018term\u00f3metro\u2019 de nuestra salud general, por lo que un dolor de enc\u00edas siempre debe ser atendido con la atenci\u00f3n que merece, aunque en principio no revista gravedad. El dolor en las enc\u00edas puede ser consecuencia de m\u00faltiples factores: aftas, gingivitis, una higiene insuficiente o incluso consumo de tabaco. En Stoma estudiaremos tu caso para proceder con el tratamiento adecuado.<\/p>\n\n\n<style>.wp-block-kadence-advancedheading.kt-adv-heading_74e526-22, .wp-block-kadence-advancedheading.kt-adv-heading_74e526-22[data-kb-block=\"kb-adv-heading_74e526-22\"]{font-style:normal;}.wp-block-kadence-advancedheading.kt-adv-heading_74e526-22 mark.kt-highlight, .wp-block-kadence-advancedheading.kt-adv-heading_74e526-22[data-kb-block=\"kb-adv-heading_74e526-22\"] mark.kt-highlight{font-style:normal;color:#f76a0c;-webkit-box-decoration-break:clone;box-decoration-break:clone;padding-top:0px;padding-right:0px;padding-bottom:0px;padding-left:0px;}.wp-block-kadence-advancedheading.kt-adv-heading_74e526-22 img.kb-inline-image, .wp-block-kadence-advancedheading.kt-adv-heading_74e526-22[data-kb-block=\"kb-adv-heading_74e526-22\"] img.kb-inline-image{width:150px;vertical-align:baseline;}<\/style>\n<h2 class=\"kt-adv-heading_74e526-22 wp-block-kadence-advancedheading\" data-kb-block=\"kb-adv-heading_74e526-22\">\u00bfSe te retraen las enc\u00edas?<\/h2>\n\n\n\n<p>Ya sea por una cuesti\u00f3n est\u00e9tica o de salud dental, las enc\u00edas que suben (descubriendo la ra\u00edz y mostrando un diente mas largo) pueden y deben ser corregidas. Consulta con nuestro equipo de especialistas las posibilidades para mejorar tu caso. Juntos, lo analizaremos y te propondremos una soluci\u00f3n eficiente.<\/p>\n\n\n<style>.wp-block-kadence-advancedheading.kt-adv-heading_06884e-11, .wp-block-kadence-advancedheading.kt-adv-heading_06884e-11[data-kb-block=\"kb-adv-heading_06884e-11\"]{font-style:normal;}.wp-block-kadence-advancedheading.kt-adv-heading_06884e-11 mark.kt-highlight, .wp-block-kadence-advancedheading.kt-adv-heading_06884e-11[data-kb-block=\"kb-adv-heading_06884e-11\"] mark.kt-highlight{font-style:normal;color:#f76a0c;-webkit-box-decoration-break:clone;box-decoration-break:clone;padding-top:0px;padding-right:0px;padding-bottom:0px;padding-left:0px;}.wp-block-kadence-advancedheading.kt-adv-heading_06884e-11 img.kb-inline-image, .wp-block-kadence-advancedheading.kt-adv-heading_06884e-11[data-kb-block=\"kb-adv-heading_06884e-11\"] img.kb-inline-image{width:150px;vertical-align:baseline;}<\/style>\n<h2 class=\"kt-adv-heading_06884e-11 wp-block-kadence-advancedheading\" data-kb-block=\"kb-adv-heading_06884e-11\">\u00bfSufres p\u00e9rdida de hueso?<\/h2>\n\n\n\n<p>Si la p\u00e9rdida de hueso se encuentra a\u00fan en estado incipiente, actualmente es posible revertirla con resultados m\u00e1s que notables, a trav\u00e9s de un tratamiento adecuado y de una higiene continuada por parte del paciente. En los casos m\u00e1s graves, es conveniente actuar y se pueden lograr soluciones adecuadas incluso a largo plazo. En estos casos, procedemos primero con una fase inicial desinflamatoria mediante higienes y a continuaci\u00f3n reevaluamos la necesidad de una segunda fase de tratamiento periodontal especializado.<\/p>\n\n\n<style>.wp-block-kadence-advancedheading.kt-adv-heading_6d7895-6c, .wp-block-kadence-advancedheading.kt-adv-heading_6d7895-6c[data-kb-block=\"kb-adv-heading_6d7895-6c\"]{font-style:normal;}.wp-block-kadence-advancedheading.kt-adv-heading_6d7895-6c mark.kt-highlight, .wp-block-kadence-advancedheading.kt-adv-heading_6d7895-6c[data-kb-block=\"kb-adv-heading_6d7895-6c\"] mark.kt-highlight{font-style:normal;color:#f76a0c;-webkit-box-decoration-break:clone;box-decoration-break:clone;padding-top:0px;padding-right:0px;padding-bottom:0px;padding-left:0px;}.wp-block-kadence-advancedheading.kt-adv-heading_6d7895-6c img.kb-inline-image, .wp-block-kadence-advancedheading.kt-adv-heading_6d7895-6c[data-kb-block=\"kb-adv-heading_6d7895-6c\"] img.kb-inline-image{width:150px;vertical-align:baseline;}<\/style>\n<h2 class=\"kt-adv-heading_6d7895-6c wp-block-kadence-advancedheading\" data-kb-block=\"kb-adv-heading_6d7895-6c\">\u00bfNecesitas hacerte una limpieza dental?<\/h2>\n\n\n\n<p>Una correcta higiene dental es clave para evitar enfermedades e incluso infecciones que puedan derivar en patolog\u00edas m\u00e1s graves. El equipo especializado de higienistas dentales de Cl\u00ednica Stoma, con una amplia experiencia, se encarga de complementar la limpieza con recomendaciones personalizadas sobre higiene bucal.<\/p>\n<\/div><\/div>\n<\/div><\/div><\/div>\n<\/div><\/div><\/div>\n\n\n<style>#kt-layout-id_b6d9b5-ad > .kt-row-column-wrap{align-content:start;}:where(#kt-layout-id_b6d9b5-ad > .kt-row-column-wrap) > .wp-block-kadence-column{justify-content:start;}#kt-layout-id_b6d9b5-ad > .kt-row-column-wrap{column-gap:var(--global-kb-gap-none, 0rem );row-gap:var(--global-kb-gap-md, 2rem);padding-top:var( --global-kb-row-default-top, 25px );padding-bottom:var( --global-kb-row-default-bottom, 25px );padding-top:var(--global-kb-spacing-sm, 1.5rem);padding-bottom:var(--global-kb-spacing-sm, 1.5rem);grid-template-columns:repeat(2, minmax(0, 1fr));}#kt-layout-id_b6d9b5-ad > .kt-row-layout-overlay{opacity:0.30;}@media all and (max-width: 1024px){#kt-layout-id_b6d9b5-ad > .kt-row-column-wrap{grid-template-columns:repeat(2, minmax(0, 1fr));}}@media all and (max-width: 767px){#kt-layout-id_b6d9b5-ad > .kt-row-column-wrap{grid-template-columns:minmax(0, 1fr);}}<\/style>\n<div class=\"wp-block-kadence-rowlayout alignfull container--fila footer--visitans animated fadeIn slow\"><div id=\"kt-layout-id_b6d9b5-ad\" class=\"kt-row-layout-inner kt-layout-id_b6d9b5-ad\"><div class=\"kt-row-column-wrap kt-has-2-columns kt-gutter-none kt-v-gutter-default kt-row-valign-top kt-row-layout-equal kt-tab-layout-inherit kt-m-colapse-left-to-right kt-mobile-layout-row\"><style>.kadence-column_86f91a-fa > .kt-inside-inner-col{border-top-width:0px;border-right-width:0px;border-bottom-width:0px;border-left-width:0px;}.kadence-column_86f91a-fa > .kt-inside-inner-col,.kadence-column_86f91a-fa > .kt-inside-inner-col:before{border-top-left-radius:0px;border-top-right-radius:0px;border-bottom-right-radius:0px;border-bottom-left-radius:0px;}.kadence-column_86f91a-fa > .kt-inside-inner-col{column-gap:var(--global-kb-gap-sm, 1rem);}.kadence-column_86f91a-fa > .kt-inside-inner-col{flex-direction:column;}.kadence-column_86f91a-fa > .kt-inside-inner-col > .aligncenter{width:100%;}.kadence-column_86f91a-fa > .kt-inside-inner-col:before{opacity:0.3;}.kadence-column_86f91a-fa{position:relative;}@media all and (max-width: 1024px){.kadence-column_86f91a-fa > .kt-inside-inner-col{flex-direction:column;justify-content:center;}}@media all and (max-width: 767px){.kadence-column_86f91a-fa > .kt-inside-inner-col{flex-direction:column;justify-content:center;}}<\/style>\n<div class=\"wp-block-kadence-column inner-column-1 kadence-column_86f91a-fa container--fila--caixa--padding-left columna--visitans\"><div class=\"kt-inside-inner-col\">\n<p class=\"h1\">Vis\u00edtanos<\/p>\n\n\n<style>#kt-layout-id_271f95-e8{margin-top:0px;margin-bottom:0px;}#kt-layout-id_271f95-e8 > .kt-row-column-wrap{align-content:start;}:where(#kt-layout-id_271f95-e8 > .kt-row-column-wrap) > .wp-block-kadence-column{justify-content:start;}#kt-layout-id_271f95-e8 > .kt-row-column-wrap{column-gap:var(--global-kb-gap-md, 2rem);row-gap:var(--global-kb-gap-md, 2rem);padding-top:var( --global-kb-row-default-top, 25px );padding-bottom:var( --global-kb-row-default-bottom, 25px );padding-top:0px;padding-bottom:0px;}#kt-layout-id_271f95-e8 > .kt-row-column-wrap > div:not(.added-for-specificity){grid-column:initial;}#kt-layout-id_271f95-e8 > .kt-row-column-wrap{grid-template-columns:minmax(0, 1fr);}#kt-layout-id_271f95-e8 > .kt-row-layout-overlay{opacity:0.30;}@media all and (max-width: 1024px){#kt-layout-id_271f95-e8 > .kt-row-column-wrap > div:not(.added-for-specificity){grid-column:initial;}}@media all and (max-width: 1024px){#kt-layout-id_271f95-e8 > .kt-row-column-wrap{grid-template-columns:minmax(0, 1fr);}}@media all and (max-width: 767px){#kt-layout-id_271f95-e8 > .kt-row-column-wrap > div:not(.added-for-specificity){grid-column:initial;}#kt-layout-id_271f95-e8 > .kt-row-column-wrap{grid-template-columns:minmax(0, 1fr);}}<\/style>\n<div class=\"wp-block-kadence-rowlayout alignnone\"><div id=\"kt-layout-id_271f95-e8\" class=\"kt-row-layout-inner kt-layout-id_271f95-e8\"><div class=\"kt-row-column-wrap kt-has-3-columns kt-gutter-default kt-v-gutter-default kt-row-valign-top kt-row-layout-row kt-tab-layout-inherit kt-m-colapse-left-to-right kt-mobile-layout-row\"><style>.kadence-column_4cbbd2-b3 > .kt-inside-inner-col{padding-top:0px;padding-bottom:0px;}.kadence-column_4cbbd2-b3 > .kt-inside-inner-col{border-top-width:0px;border-right-width:0px;border-bottom-width:0px;border-left-width:0px;}.kadence-column_4cbbd2-b3 > .kt-inside-inner-col,.kadence-column_4cbbd2-b3 > .kt-inside-inner-col:before{border-top-left-radius:0px;border-top-right-radius:0px;border-bottom-right-radius:0px;border-bottom-left-radius:0px;}.kadence-column_4cbbd2-b3 > .kt-inside-inner-col{column-gap:var(--global-kb-gap-sm, 1rem);}.kadence-column_4cbbd2-b3 > .kt-inside-inner-col{flex-direction:column;}.kadence-column_4cbbd2-b3 > .kt-inside-inner-col > .aligncenter{width:100%;}.kadence-column_4cbbd2-b3 > .kt-inside-inner-col:before{opacity:0.3;}.kadence-column_4cbbd2-b3{position:relative;}.wp-block-kadence-column.kadence-column_4cbbd2-b3 > .kt-inside-inner-col{margin-top:0px;margin-bottom:0px;}@media all and (max-width: 1024px){.kadence-column_4cbbd2-b3 > .kt-inside-inner-col{flex-direction:column;justify-content:center;}}@media all and (max-width: 767px){.kadence-column_4cbbd2-b3 > .kt-inside-inner-col{flex-direction:column;justify-content:center;}}<\/style>\n<div class=\"wp-block-kadence-column inner-column-1 kadence-column_4cbbd2-b3 visitans--adreca\"><div class=\"kt-inside-inner-col\">\n<p>C\/ Ganduxer 47, Bajos. 08021 Barcelona.<br>Tel\u00e9fono: <a href=\"tel:34932012511\">(34) 932 012 511<\/a><br>Email: <a href=\"mailto:info@clinicadentalstoma.es\">info@clinicadentalstoma.es<\/a><\/p>\n<\/div><\/div>\n\n\n<style>.kadence-column_655b74-73 > .kt-inside-inner-col{padding-top:0px;padding-bottom:0px;}.kadence-column_655b74-73 > .kt-inside-inner-col{border-top-width:0px;border-right-width:0px;border-bottom-width:0px;border-left-width:0px;}.kadence-column_655b74-73 > .kt-inside-inner-col,.kadence-column_655b74-73 > .kt-inside-inner-col:before{border-top-left-radius:0px;border-top-right-radius:0px;border-bottom-right-radius:0px;border-bottom-left-radius:0px;}.kadence-column_655b74-73 > .kt-inside-inner-col{column-gap:var(--global-kb-gap-sm, 1rem);}.kadence-column_655b74-73 > .kt-inside-inner-col{flex-direction:column;}.kadence-column_655b74-73 > .kt-inside-inner-col > .aligncenter{width:100%;}.kadence-column_655b74-73 > .kt-inside-inner-col:before{opacity:0.3;}.kadence-column_655b74-73{position:relative;}.wp-block-kadence-column.kadence-column_655b74-73 > .kt-inside-inner-col{margin-top:0px;margin-bottom:0px;}@media all and (max-width: 1024px){.kadence-column_655b74-73 > .kt-inside-inner-col{flex-direction:column;justify-content:center;}}@media all and (max-width: 767px){.kadence-column_655b74-73 > .kt-inside-inner-col{flex-direction:column;justify-content:center;}}<\/style>\n<div class=\"wp-block-kadence-column inner-column-2 kadence-column_655b74-73 visitans--transport\"><div class=\"kt-inside-inner-col\">\n<p>Ferrocarriles de la Generalitat, l\u00edneas S6, S7. Estaci\u00f3n: La Bonanova.<br>Bus V11 y 68: Parada V\u00eda Augusta-Ganduxer.<br>Bus 70 y H6: Parada Mitre-Dr. Fleming.<br>Parking m\u00e1s cercano:<br>Ganduxer 25-27 (INDIGO). 1h gratuita.<\/p>\n<\/div><\/div>\n\n\n<style>.kadence-column_54a279-62 > .kt-inside-inner-col{padding-top:0px;padding-bottom:0px;}.kadence-column_54a279-62 > .kt-inside-inner-col{border-top-width:0px;border-right-width:0px;border-bottom-width:0px;border-left-width:0px;}.kadence-column_54a279-62 > .kt-inside-inner-col,.kadence-column_54a279-62 > .kt-inside-inner-col:before{border-top-left-radius:0px;border-top-right-radius:0px;border-bottom-right-radius:0px;border-bottom-left-radius:0px;}.kadence-column_54a279-62 > .kt-inside-inner-col{column-gap:var(--global-kb-gap-sm, 1rem);}.kadence-column_54a279-62 > .kt-inside-inner-col{flex-direction:column;}.kadence-column_54a279-62 > .kt-inside-inner-col > .aligncenter{width:100%;}.kadence-column_54a279-62 > .kt-inside-inner-col:before{opacity:0.3;}.kadence-column_54a279-62{position:relative;}.wp-block-kadence-column.kadence-column_54a279-62 > .kt-inside-inner-col{margin-top:0px;margin-bottom:0px;}@media all and (max-width: 1024px){.kadence-column_54a279-62 > .kt-inside-inner-col{flex-direction:column;justify-content:center;}}@media all and (max-width: 767px){.kadence-column_54a279-62 > .kt-inside-inner-col{flex-direction:column;justify-content:center;}}<\/style>\n<div class=\"wp-block-kadence-column inner-column-3 kadence-column_54a279-62 visitans--horari\"><div class=\"kt-inside-inner-col\">\n<p>Lunes a Jueves de 8h a 20h.<br>Viernes de 8h a 14h.<\/p>\n<\/div><\/div>\n<\/div><\/div><\/div>\n<\/div><\/div>\n\n\n<style>.kadence-column_9950eb-92 > .kt-inside-inner-col{border-top-width:0px;border-right-width:0px;border-bottom-width:0px;border-left-width:0px;}.kadence-column_9950eb-92 > .kt-inside-inner-col,.kadence-column_9950eb-92 > .kt-inside-inner-col:before{border-top-left-radius:0px;border-top-right-radius:0px;border-bottom-right-radius:0px;border-bottom-left-radius:0px;}.kadence-column_9950eb-92 > .kt-inside-inner-col{column-gap:var(--global-kb-gap-sm, 1rem);}.kadence-column_9950eb-92 > .kt-inside-inner-col{flex-direction:column;}.kadence-column_9950eb-92 > .kt-inside-inner-col > .aligncenter{width:100%;}.kadence-column_9950eb-92 > .kt-inside-inner-col:before{opacity:0.3;}.kadence-column_9950eb-92{position:relative;}@media all and (max-width: 1024px){.kadence-column_9950eb-92 > .kt-inside-inner-col{flex-direction:column;justify-content:center;}}@media all and (max-width: 767px){.kadence-column_9950eb-92 > .kt-inside-inner-col{flex-direction:column;justify-content:center;}}<\/style>\n<div class=\"wp-block-kadence-column inner-column-2 kadence-column_9950eb-92 mapa\"><div class=\"kt-inside-inner-col\">\n<iframe src=\"https:\/\/www.google.com\/maps\/embed?pb=!1m14!1m8!1m3!1d11971.97079961514!2d2.1365786!3d41.3959649!3m2!1i1024!2i768!4f13.1!3m3!1m2!1s0x0%3A0xf0371b8857c7155!2sDental%20Clinic%20Stoma!5e0!3m2!1sca!2ses!4v1671449316401!5m2!1sca!2ses\" style=\"border:0; width:100%; height:100%;\" allowfullscreen=\" \" loading=\"lazy\" title=\"Mapa de la cl\u00ednica\" referrerpolicy=\"no-referrer-when-downgrade\"><\/iframe>\n<\/div><\/div>\n<\/div><\/div><\/div>\n","protected":false},"excerpt":{"rendered":"<p>\u00bfTe sangran las enc\u00edas? \u00bfTienes un exceso de enc\u00eda? \u00bfTe duelen las enc\u00edas? \u00bfSe te retraen las enc\u00edas? \u00bfSufres p\u00e9rdida de hueso? \u00bfNecesitas hacerte una limpieza dental?<\/p>\n","protected":false},"author":1,"featured_media":0,"parent":0,"menu_order":0,"comment_status":"closed","ping_status":"closed","template":"templates\/template-builder.php","meta":{"inline_featured_image":false,"footnotes":""},"class_list":["post-1406","page","type-page","status-publish","hentry","post","without-featured-image"],"featured_image_src":null,"featured_image_src_square":null,"_links":{"self":[{"href":"https:\/\/clinicadentalstoma.es\/es\/wp-json\/wp\/v2\/pages\/1406","targetHints":{"allow":["GET"]}}],"collection":[{"href":"https:\/\/clinicadentalstoma.es\/es\/wp-json\/wp\/v2\/pages"}],"about":[{"href":"https:\/\/clinicadentalstoma.es\/es\/wp-json\/wp\/v2\/types\/page"}],"author":[{"embeddable":true,"href":"https:\/\/clinicadentalstoma.es\/es\/wp-json\/wp\/v2\/users\/1"}],"replies":[{"embeddable":true,"href":"https:\/\/clinicadentalstoma.es\/es\/wp-json\/wp\/v2\/comments?post=1406"}],"version-history":[{"count":3,"href":"https:\/\/clinicadentalstoma.es\/es\/wp-json\/wp\/v2\/pages\/1406\/revisions"}],"predecessor-version":[{"id":1911,"href":"https:\/\/clinicadentalstoma.es\/es\/wp-json\/wp\/v2\/pages\/1406\/revisions\/1911"}],"wp:attachment":[{"href":"https:\/\/clinicadentalstoma.es\/es\/wp-json\/wp\/v2\/media?parent=1406"}],"curies":[{"name":"wp","href":"https:\/\/api.w.org\/{rel}","templated":true}]}}