{"id":1415,"date":"2022-05-26T15:11:00","date_gmt":"2022-05-26T13:11:00","guid":{"rendered":"https:\/\/clinicadentalstoma.es\/la-clinica\/"},"modified":"2022-12-16T13:40:03","modified_gmt":"2022-12-16T12:40:03","slug":"la-clinica","status":"publish","type":"page","link":"https:\/\/clinicadentalstoma.es\/es\/la-clinica\/","title":{"rendered":"La cl\u00ednica"},"content":{"rendered":"\n<div class=\"wp-block-genesis-blocks-gb-container alignfull site--container interiors final la-clinica gb-block-container\"><div class=\"gb-container-inside\"><div class=\"gb-container-content\">\n<div class=\"wp-block-cover alignfull is-light has-parallax header--final animated fadeIn slower\"><span aria-hidden=\"true\" class=\"wp-block-cover__background has-black-background-color has-background-dim-30 has-background-dim\"><\/span><div role=\"img\" class=\"wp-block-cover__image-background wp-image-95 has-parallax\" style=\"background-position:50% 50%;background-image:url(https:\/\/clinicadentalstoma.es\/wp-content\/uploads\/2022\/06\/header-la-clinica-scaled.jpg)\"><\/div><div class=\"wp-block-cover__inner-container is-layout-flow wp-block-cover-is-layout-flow\">\n<div class=\"wp-block-genesis-blocks-gb-button container boto-text animated fadeIn delay-1s slower gb-block-button\"><a href=\"https:\/\/clinicadentalstoma.es\/es\/conocenos\/\" class=\"gb-button gb-button-shape-square gb-button-size-medium\" style=\"color:#ffffff;background-color:#3373dc\">Con\u00f3cenos<\/a><\/div>\n\n\n<h1 class=\"container animated fadeIn delay-1s slower wp-block-post-title\">La cl\u00ednica<\/h1>\n\n<div class=\"container animated fadeIn delay-1s slower wp-block-post-excerpt\"><p class=\"wp-block-post-excerpt__excerpt\">Experiencia, prestigio, innovaci\u00f3n, tecnolog\u00eda y confianza. Son los ejes sobre los que se asienta la Cl\u00ednica Dental Stoma, pionera en Europa en servicios multidisciplinares y centro odontol\u00f3gico de referencia nacional e internacional para cualquier patolog\u00eda relacionada con la salud y est\u00e9tica dental. <\/p><\/div><\/div><\/div>\n\n\n<style>#kt-layout-id_ed731b-3b > .kt-row-column-wrap{align-content:start;}:where(#kt-layout-id_ed731b-3b > .kt-row-column-wrap) > .wp-block-kadence-column{justify-content:start;}#kt-layout-id_ed731b-3b > .kt-row-column-wrap{column-gap:var(--global-kb-gap-lg, 4rem);row-gap:var(--global-kb-gap-md, 2rem);padding-top:var( --global-kb-row-default-top, 25px );padding-bottom:var( --global-kb-row-default-bottom, 25px );padding-top:var(--global-kb-spacing-sm, 1.5rem);padding-bottom:var(--global-kb-spacing-sm, 1.5rem);grid-template-columns:repeat(2, minmax(0, 1fr));}#kt-layout-id_ed731b-3b > .kt-row-layout-overlay{opacity:0.30;}@media all and (max-width: 1024px){#kt-layout-id_ed731b-3b > .kt-row-column-wrap{grid-template-columns:minmax(0, 1fr) minmax(0, 2fr);}}@media all and (max-width: 767px){#kt-layout-id_ed731b-3b > .kt-row-column-wrap{grid-template-columns:minmax(0, 1fr);}}<\/style>\n<div class=\"wp-block-kadence-rowlayout alignfull container--fila animated fadeIn slow\"><div id=\"kt-layout-id_ed731b-3b\" class=\"kt-row-layout-inner kt-layout-id_ed731b-3b\"><div class=\"kt-row-column-wrap kt-has-2-columns kt-gutter-wider kt-v-gutter-default kt-row-valign-top kt-row-layout-equal kt-tab-layout-right-golden kt-m-colapse-left-to-right kt-mobile-layout-row\"><style>.kadence-column_b0dfe1-bd > .kt-inside-inner-col{border-top-width:0px;border-right-width:0px;border-bottom-width:0px;border-left-width:0px;}.kadence-column_b0dfe1-bd > .kt-inside-inner-col,.kadence-column_b0dfe1-bd > .kt-inside-inner-col:before{border-top-left-radius:0px;border-top-right-radius:0px;border-bottom-right-radius:0px;border-bottom-left-radius:0px;}.kadence-column_b0dfe1-bd > .kt-inside-inner-col{column-gap:var(--global-kb-gap-sm, 1rem);}.kadence-column_b0dfe1-bd > .kt-inside-inner-col{flex-direction:column;}.kadence-column_b0dfe1-bd > .kt-inside-inner-col > .aligncenter{width:100%;}.kadence-column_b0dfe1-bd > .kt-inside-inner-col:before{opacity:0.3;}.kadence-column_b0dfe1-bd{position:relative;}@media all and (max-width: 1024px){.kadence-column_b0dfe1-bd > .kt-inside-inner-col{flex-direction:column;justify-content:center;}}@media all and (max-width: 767px){.kadence-column_b0dfe1-bd > .kt-inside-inner-col{flex-direction:column;justify-content:center;}}<\/style>\n<div class=\"wp-block-kadence-column inner-column-1 kadence-column_b0dfe1-bd\"><div class=\"kt-inside-inner-col\">\n<div class=\"wp-block-cover is-light foto--subhome\"><span aria-hidden=\"true\" class=\"wp-block-cover__background has-background-dim-0 has-background-dim\"><\/span><img loading=\"lazy\" decoding=\"async\" width=\"1410\" height=\"1426\" class=\"wp-block-cover__image-background wp-image-118\" alt=\"La cl\u00ednica\" src=\"https:\/\/clinicadentalstoma.es\/wp-content\/uploads\/2022\/06\/la-clinica-rebedor.jpg\" data-object-fit=\"cover\" srcset=\"https:\/\/clinicadentalstoma.es\/wp-content\/uploads\/2022\/06\/la-clinica-rebedor.jpg 1410w, https:\/\/clinicadentalstoma.es\/wp-content\/uploads\/2022\/06\/la-clinica-rebedor-297x300.jpg 297w, https:\/\/clinicadentalstoma.es\/wp-content\/uploads\/2022\/06\/la-clinica-rebedor-1013x1024.jpg 1013w, https:\/\/clinicadentalstoma.es\/wp-content\/uploads\/2022\/06\/la-clinica-rebedor-768x777.jpg 768w, https:\/\/clinicadentalstoma.es\/wp-content\/uploads\/2022\/06\/la-clinica-rebedor-1200x1214.jpg 1200w, https:\/\/clinicadentalstoma.es\/wp-content\/uploads\/2022\/06\/la-clinica-rebedor-1400x1416.jpg 1400w, https:\/\/clinicadentalstoma.es\/wp-content\/uploads\/2022\/06\/la-clinica-rebedor-300x303.jpg 300w\" sizes=\"auto, (max-width: 1410px) 100vw, 1410px\" \/><div class=\"wp-block-cover__inner-container is-layout-flow wp-block-cover-is-layout-flow\">\n<p class=\"has-text-align-center has-large-font-size\"><\/p>\n<\/div><\/div>\n<\/div><\/div>\n\n\n<style>.kadence-column_7fb2af-54 > .kt-inside-inner-col{border-top-width:0px;border-right-width:0px;border-bottom-width:0px;border-left-width:0px;}.kadence-column_7fb2af-54 > .kt-inside-inner-col,.kadence-column_7fb2af-54 > .kt-inside-inner-col:before{border-top-left-radius:0px;border-top-right-radius:0px;border-bottom-right-radius:0px;border-bottom-left-radius:0px;}.kadence-column_7fb2af-54 > .kt-inside-inner-col{column-gap:var(--global-kb-gap-sm, 1rem);}.kadence-column_7fb2af-54 > .kt-inside-inner-col{flex-direction:column;}.kadence-column_7fb2af-54 > .kt-inside-inner-col > .aligncenter{width:100%;}.kadence-column_7fb2af-54 > .kt-inside-inner-col:before{opacity:0.3;}.kadence-column_7fb2af-54{position:relative;}@media all and (max-width: 1024px){.kadence-column_7fb2af-54 > .kt-inside-inner-col{flex-direction:column;justify-content:center;}}@media all and (max-width: 767px){.kadence-column_7fb2af-54 > .kt-inside-inner-col{flex-direction:column;justify-content:center;}}<\/style>\n<div class=\"wp-block-kadence-column inner-column-2 kadence-column_7fb2af-54 container--fila--caixa--padding-right\"><div class=\"kt-inside-inner-col\">\n<p>Fundada el 1970 pel Dr. Jaume Llena Amat, en Cl\u00ednica Dental Stoma ponemos a disposici\u00f3n de nuestros pacientes unas modernas instalaciones que permiten ofrecer un\u00a0<strong>tratamiento integral<\/strong>, desde la <strong>est\u00e9tica dental<\/strong> hasta la <strong>cirug\u00eda<\/strong>, pasando por <strong>endodoncia<\/strong>, <strong>periodoncia<\/strong> e <strong>implantes<\/strong>, entre otras especialidades. Todo ello en un \u00fanico espacio y bajo la responsabilidad de la Cl\u00ednica como centro de contrastada solvencia. Nuestro objetivo es brindar el mejor servicio, con las m\u00ednimas molestias y desplazamientos.<\/p>\n\n\n\n<p><strong>Los profesionales que trabajan en Stoma cuentan con una amplia experiencia y son considerados r<strong>eferentes internacionales<\/strong>&nbsp;en sus respectivas especialidades. Son o han sido profesores de distintas universidades e imparten conferencias en jornadas y congresos para especialistas a nivel nacional e internacional<\/strong>.<\/p>\n<\/div><\/div>\n<\/div><\/div><\/div>\n\n\n<style>#kt-layout-id_3ea29a-bd > .kt-row-column-wrap{align-content:start;}:where(#kt-layout-id_3ea29a-bd > .kt-row-column-wrap) > .wp-block-kadence-column{justify-content:start;}#kt-layout-id_3ea29a-bd > .kt-row-column-wrap{column-gap:var(--global-kb-gap-lg, 4rem);row-gap:var(--global-kb-gap-md, 2rem);padding-top:var( --global-kb-row-default-top, 25px );padding-bottom:var( --global-kb-row-default-bottom, 25px );padding-top:var(--global-kb-spacing-sm, 1.5rem);padding-bottom:var(--global-kb-spacing-sm, 1.5rem);grid-template-columns:repeat(2, minmax(0, 1fr));}#kt-layout-id_3ea29a-bd > .kt-row-layout-overlay{opacity:0.30;}@media all and (max-width: 1024px){#kt-layout-id_3ea29a-bd > .kt-row-column-wrap{grid-template-columns:minmax(0, 2fr) minmax(0, 1fr);}}@media all and (max-width: 767px){#kt-layout-id_3ea29a-bd > .kt-row-column-wrap{grid-template-columns:minmax(0, 1fr);}}<\/style>\n<div class=\"wp-block-kadence-rowlayout alignfull container--fila animated fadeIn slow\"><div id=\"kt-layout-id_3ea29a-bd\" class=\"kt-row-layout-inner kt-layout-id_3ea29a-bd\"><div class=\"kt-row-column-wrap kt-has-2-columns kt-gutter-wider kt-v-gutter-default kt-row-valign-top kt-row-layout-equal kt-tab-layout-left-golden kt-m-colapse-left-to-right kt-mobile-layout-row\"><style>.kadence-column_e8bc92-40 > .kt-inside-inner-col{border-top-width:0px;border-right-width:0px;border-bottom-width:0px;border-left-width:0px;}.kadence-column_e8bc92-40 > .kt-inside-inner-col,.kadence-column_e8bc92-40 > .kt-inside-inner-col:before{border-top-left-radius:0px;border-top-right-radius:0px;border-bottom-right-radius:0px;border-bottom-left-radius:0px;}.kadence-column_e8bc92-40 > .kt-inside-inner-col{column-gap:var(--global-kb-gap-sm, 1rem);}.kadence-column_e8bc92-40 > .kt-inside-inner-col{flex-direction:column;}.kadence-column_e8bc92-40 > .kt-inside-inner-col > .aligncenter{width:100%;}.kadence-column_e8bc92-40 > .kt-inside-inner-col:before{opacity:0.3;}.kadence-column_e8bc92-40{position:relative;}@media all and (max-width: 1024px){.kadence-column_e8bc92-40 > .kt-inside-inner-col{flex-direction:column;justify-content:center;}}@media all and (max-width: 767px){.kadence-column_e8bc92-40 > .kt-inside-inner-col{flex-direction:column;justify-content:center;}}<\/style>\n<div class=\"wp-block-kadence-column inner-column-1 kadence-column_e8bc92-40 container--fila--caixa--padding-left\"><div class=\"kt-inside-inner-col\">\n<p>El diagn\u00f3stico por la imagen mediante radiolog\u00eda digital es una herramienta imprescindible en la odontologia actual. <strong>En Cl\u00ednica Dental Stoma estamos equipados con equipos de radiolog\u00eda digital 2D y 3D de \u00faltima tecnologia. Esta \u00faltima se genera mediante un CBCT (Cone Bean Computed Tomography) o scanner<\/strong>.<\/p>\n\n\n\n<p>Durante nuestras m\u00e1s de <strong>cuatro d\u00e9cadas<\/strong> de actividad, en Cl\u00ednica Dental Stoma nos hemos situado en la vanguardia de los tratamientos dentales. Conscientes de que la\u00a0<strong>formaci\u00f3n continuada<\/strong>\u00a0es un aspecto esencial en cualquier disciplina relacionada con la salud, los miembros del equipo de Stoma se forman constantemente en sus \u00e1reas de especialidad, asegurando as\u00ed los mejores tratamientos para cada caso.<\/p>\n<\/div><\/div>\n\n\n<style>.kadence-column_fbf1c6-53 > .kt-inside-inner-col{border-top-width:0px;border-right-width:0px;border-bottom-width:0px;border-left-width:0px;}.kadence-column_fbf1c6-53 > .kt-inside-inner-col,.kadence-column_fbf1c6-53 > .kt-inside-inner-col:before{border-top-left-radius:0px;border-top-right-radius:0px;border-bottom-right-radius:0px;border-bottom-left-radius:0px;}.kadence-column_fbf1c6-53 > .kt-inside-inner-col{column-gap:var(--global-kb-gap-sm, 1rem);}.kadence-column_fbf1c6-53 > .kt-inside-inner-col{flex-direction:column;}.kadence-column_fbf1c6-53 > .kt-inside-inner-col > .aligncenter{width:100%;}.kadence-column_fbf1c6-53 > .kt-inside-inner-col:before{opacity:0.3;}.kadence-column_fbf1c6-53{position:relative;}@media all and (max-width: 1024px){.kadence-column_fbf1c6-53 > .kt-inside-inner-col{flex-direction:column;justify-content:center;}}@media all and (max-width: 767px){.kadence-column_fbf1c6-53 > .kt-inside-inner-col{flex-direction:column;justify-content:center;}}<\/style>\n<div class=\"wp-block-kadence-column inner-column-2 kadence-column_fbf1c6-53\"><div class=\"kt-inside-inner-col\">\n<div class=\"wp-block-cover is-light foto--subhome\"><span aria-hidden=\"true\" class=\"wp-block-cover__background has-background-dim-0 has-background-dim\"><\/span><img loading=\"lazy\" decoding=\"async\" width=\"1410\" height=\"1426\" class=\"wp-block-cover__image-background wp-image-117\" alt=\"La cl\u00ednica\" src=\"https:\/\/clinicadentalstoma.es\/wp-content\/uploads\/2022\/06\/la-clinica-radiologia.jpg\" data-object-fit=\"cover\" srcset=\"https:\/\/clinicadentalstoma.es\/wp-content\/uploads\/2022\/06\/la-clinica-radiologia.jpg 1410w, https:\/\/clinicadentalstoma.es\/wp-content\/uploads\/2022\/06\/la-clinica-radiologia-297x300.jpg 297w, https:\/\/clinicadentalstoma.es\/wp-content\/uploads\/2022\/06\/la-clinica-radiologia-1013x1024.jpg 1013w, https:\/\/clinicadentalstoma.es\/wp-content\/uploads\/2022\/06\/la-clinica-radiologia-768x777.jpg 768w, https:\/\/clinicadentalstoma.es\/wp-content\/uploads\/2022\/06\/la-clinica-radiologia-1200x1214.jpg 1200w, https:\/\/clinicadentalstoma.es\/wp-content\/uploads\/2022\/06\/la-clinica-radiologia-1400x1416.jpg 1400w, https:\/\/clinicadentalstoma.es\/wp-content\/uploads\/2022\/06\/la-clinica-radiologia-300x303.jpg 300w\" sizes=\"auto, (max-width: 1410px) 100vw, 1410px\" \/><div class=\"wp-block-cover__inner-container is-layout-flow wp-block-cover-is-layout-flow\">\n<p class=\"has-text-align-center has-large-font-size\"><\/p>\n<\/div><\/div>\n<\/div><\/div>\n<\/div><\/div><\/div>\n<\/div><\/div><\/div>\n\n\n<style>#kt-layout-id_b6d9b5-ad > .kt-row-column-wrap{align-content:start;}:where(#kt-layout-id_b6d9b5-ad > .kt-row-column-wrap) > .wp-block-kadence-column{justify-content:start;}#kt-layout-id_b6d9b5-ad > .kt-row-column-wrap{column-gap:var(--global-kb-gap-none, 0rem );row-gap:var(--global-kb-gap-md, 2rem);padding-top:var( --global-kb-row-default-top, 25px );padding-bottom:var( --global-kb-row-default-bottom, 25px );padding-top:var(--global-kb-spacing-sm, 1.5rem);padding-bottom:var(--global-kb-spacing-sm, 1.5rem);grid-template-columns:repeat(2, minmax(0, 1fr));}#kt-layout-id_b6d9b5-ad > .kt-row-layout-overlay{opacity:0.30;}@media all and (max-width: 1024px){#kt-layout-id_b6d9b5-ad > .kt-row-column-wrap{grid-template-columns:repeat(2, minmax(0, 1fr));}}@media all and (max-width: 767px){#kt-layout-id_b6d9b5-ad > .kt-row-column-wrap{grid-template-columns:minmax(0, 1fr);}}<\/style>\n<div class=\"wp-block-kadence-rowlayout alignfull container--fila footer--visitans animated fadeIn slow\"><div id=\"kt-layout-id_b6d9b5-ad\" class=\"kt-row-layout-inner kt-layout-id_b6d9b5-ad\"><div class=\"kt-row-column-wrap kt-has-2-columns kt-gutter-none kt-v-gutter-default kt-row-valign-top kt-row-layout-equal kt-tab-layout-inherit kt-m-colapse-left-to-right kt-mobile-layout-row\"><style>.kadence-column_86f91a-fa > .kt-inside-inner-col{border-top-width:0px;border-right-width:0px;border-bottom-width:0px;border-left-width:0px;}.kadence-column_86f91a-fa > .kt-inside-inner-col,.kadence-column_86f91a-fa > .kt-inside-inner-col:before{border-top-left-radius:0px;border-top-right-radius:0px;border-bottom-right-radius:0px;border-bottom-left-radius:0px;}.kadence-column_86f91a-fa > .kt-inside-inner-col{column-gap:var(--global-kb-gap-sm, 1rem);}.kadence-column_86f91a-fa > .kt-inside-inner-col{flex-direction:column;}.kadence-column_86f91a-fa > .kt-inside-inner-col > .aligncenter{width:100%;}.kadence-column_86f91a-fa > .kt-inside-inner-col:before{opacity:0.3;}.kadence-column_86f91a-fa{position:relative;}@media all and (max-width: 1024px){.kadence-column_86f91a-fa > .kt-inside-inner-col{flex-direction:column;justify-content:center;}}@media all and (max-width: 767px){.kadence-column_86f91a-fa > .kt-inside-inner-col{flex-direction:column;justify-content:center;}}<\/style>\n<div class=\"wp-block-kadence-column inner-column-1 kadence-column_86f91a-fa container--fila--caixa--padding-left columna--visitans\"><div class=\"kt-inside-inner-col\">\n<p class=\"h1\">Vis\u00edtanos<\/p>\n\n\n<style>#kt-layout-id_271f95-e8{margin-top:0px;margin-bottom:0px;}#kt-layout-id_271f95-e8 > .kt-row-column-wrap{align-content:start;}:where(#kt-layout-id_271f95-e8 > .kt-row-column-wrap) > .wp-block-kadence-column{justify-content:start;}#kt-layout-id_271f95-e8 > .kt-row-column-wrap{column-gap:var(--global-kb-gap-md, 2rem);row-gap:var(--global-kb-gap-md, 2rem);padding-top:var( --global-kb-row-default-top, 25px );padding-bottom:var( --global-kb-row-default-bottom, 25px );padding-top:0px;padding-bottom:0px;}#kt-layout-id_271f95-e8 > .kt-row-column-wrap > div:not(.added-for-specificity){grid-column:initial;}#kt-layout-id_271f95-e8 > .kt-row-column-wrap{grid-template-columns:minmax(0, 1fr);}#kt-layout-id_271f95-e8 > .kt-row-layout-overlay{opacity:0.30;}@media all and (max-width: 1024px){#kt-layout-id_271f95-e8 > .kt-row-column-wrap > div:not(.added-for-specificity){grid-column:initial;}}@media all and (max-width: 1024px){#kt-layout-id_271f95-e8 > .kt-row-column-wrap{grid-template-columns:minmax(0, 1fr);}}@media all and (max-width: 767px){#kt-layout-id_271f95-e8 > .kt-row-column-wrap > div:not(.added-for-specificity){grid-column:initial;}#kt-layout-id_271f95-e8 > .kt-row-column-wrap{grid-template-columns:minmax(0, 1fr);}}<\/style>\n<div class=\"wp-block-kadence-rowlayout alignnone\"><div id=\"kt-layout-id_271f95-e8\" class=\"kt-row-layout-inner kt-layout-id_271f95-e8\"><div class=\"kt-row-column-wrap kt-has-3-columns kt-gutter-default kt-v-gutter-default kt-row-valign-top kt-row-layout-row kt-tab-layout-inherit kt-m-colapse-left-to-right kt-mobile-layout-row\"><style>.kadence-column_4cbbd2-b3 > .kt-inside-inner-col{padding-top:0px;padding-bottom:0px;}.kadence-column_4cbbd2-b3 > .kt-inside-inner-col{border-top-width:0px;border-right-width:0px;border-bottom-width:0px;border-left-width:0px;}.kadence-column_4cbbd2-b3 > .kt-inside-inner-col,.kadence-column_4cbbd2-b3 > .kt-inside-inner-col:before{border-top-left-radius:0px;border-top-right-radius:0px;border-bottom-right-radius:0px;border-bottom-left-radius:0px;}.kadence-column_4cbbd2-b3 > .kt-inside-inner-col{column-gap:var(--global-kb-gap-sm, 1rem);}.kadence-column_4cbbd2-b3 > .kt-inside-inner-col{flex-direction:column;}.kadence-column_4cbbd2-b3 > .kt-inside-inner-col > .aligncenter{width:100%;}.kadence-column_4cbbd2-b3 > .kt-inside-inner-col:before{opacity:0.3;}.kadence-column_4cbbd2-b3{position:relative;}.wp-block-kadence-column.kadence-column_4cbbd2-b3 > .kt-inside-inner-col{margin-top:0px;margin-bottom:0px;}@media all and (max-width: 1024px){.kadence-column_4cbbd2-b3 > .kt-inside-inner-col{flex-direction:column;justify-content:center;}}@media all and (max-width: 767px){.kadence-column_4cbbd2-b3 > .kt-inside-inner-col{flex-direction:column;justify-content:center;}}<\/style>\n<div class=\"wp-block-kadence-column inner-column-1 kadence-column_4cbbd2-b3 visitans--adreca\"><div class=\"kt-inside-inner-col\">\n<p>C\/ Ganduxer 47, Bajos. 08021 Barcelona.<br>Tel\u00e9fono: <a href=\"tel:34932012511\">(34) 932 012 511<\/a><br>Email: <a href=\"mailto:info@clinicadentalstoma.es\">info@clinicadentalstoma.es<\/a><\/p>\n<\/div><\/div>\n\n\n<style>.kadence-column_655b74-73 > .kt-inside-inner-col{padding-top:0px;padding-bottom:0px;}.kadence-column_655b74-73 > .kt-inside-inner-col{border-top-width:0px;border-right-width:0px;border-bottom-width:0px;border-left-width:0px;}.kadence-column_655b74-73 > .kt-inside-inner-col,.kadence-column_655b74-73 > .kt-inside-inner-col:before{border-top-left-radius:0px;border-top-right-radius:0px;border-bottom-right-radius:0px;border-bottom-left-radius:0px;}.kadence-column_655b74-73 > .kt-inside-inner-col{column-gap:var(--global-kb-gap-sm, 1rem);}.kadence-column_655b74-73 > .kt-inside-inner-col{flex-direction:column;}.kadence-column_655b74-73 > .kt-inside-inner-col > .aligncenter{width:100%;}.kadence-column_655b74-73 > .kt-inside-inner-col:before{opacity:0.3;}.kadence-column_655b74-73{position:relative;}.wp-block-kadence-column.kadence-column_655b74-73 > .kt-inside-inner-col{margin-top:0px;margin-bottom:0px;}@media all and (max-width: 1024px){.kadence-column_655b74-73 > .kt-inside-inner-col{flex-direction:column;justify-content:center;}}@media all and (max-width: 767px){.kadence-column_655b74-73 > .kt-inside-inner-col{flex-direction:column;justify-content:center;}}<\/style>\n<div class=\"wp-block-kadence-column inner-column-2 kadence-column_655b74-73 visitans--transport\"><div class=\"kt-inside-inner-col\">\n<p>Ferrocarriles de la Generalitat, l\u00edneas S6, S7. Estaci\u00f3n: La Bonanova.<br>Bus V11 y 68: Parada V\u00eda Augusta-Ganduxer.<br>Bus 70 y H6: Parada Mitre-Dr. Fleming.<br>Parking m\u00e1s cercano:<br>Ganduxer 25-27 (INDIGO). 1h gratuita.<\/p>\n<\/div><\/div>\n\n\n<style>.kadence-column_54a279-62 > .kt-inside-inner-col{padding-top:0px;padding-bottom:0px;}.kadence-column_54a279-62 > .kt-inside-inner-col{border-top-width:0px;border-right-width:0px;border-bottom-width:0px;border-left-width:0px;}.kadence-column_54a279-62 > .kt-inside-inner-col,.kadence-column_54a279-62 > .kt-inside-inner-col:before{border-top-left-radius:0px;border-top-right-radius:0px;border-bottom-right-radius:0px;border-bottom-left-radius:0px;}.kadence-column_54a279-62 > .kt-inside-inner-col{column-gap:var(--global-kb-gap-sm, 1rem);}.kadence-column_54a279-62 > .kt-inside-inner-col{flex-direction:column;}.kadence-column_54a279-62 > .kt-inside-inner-col > .aligncenter{width:100%;}.kadence-column_54a279-62 > .kt-inside-inner-col:before{opacity:0.3;}.kadence-column_54a279-62{position:relative;}.wp-block-kadence-column.kadence-column_54a279-62 > .kt-inside-inner-col{margin-top:0px;margin-bottom:0px;}@media all and (max-width: 1024px){.kadence-column_54a279-62 > .kt-inside-inner-col{flex-direction:column;justify-content:center;}}@media all and (max-width: 767px){.kadence-column_54a279-62 > .kt-inside-inner-col{flex-direction:column;justify-content:center;}}<\/style>\n<div class=\"wp-block-kadence-column inner-column-3 kadence-column_54a279-62 visitans--horari\"><div class=\"kt-inside-inner-col\">\n<p>Lunes a Jueves de 8h a 20h.<br>Viernes de 8h a 14h.<\/p>\n<\/div><\/div>\n<\/div><\/div><\/div>\n<\/div><\/div>\n\n\n<style>.kadence-column_9950eb-92 > .kt-inside-inner-col{border-top-width:0px;border-right-width:0px;border-bottom-width:0px;border-left-width:0px;}.kadence-column_9950eb-92 > .kt-inside-inner-col,.kadence-column_9950eb-92 > .kt-inside-inner-col:before{border-top-left-radius:0px;border-top-right-radius:0px;border-bottom-right-radius:0px;border-bottom-left-radius:0px;}.kadence-column_9950eb-92 > .kt-inside-inner-col{column-gap:var(--global-kb-gap-sm, 1rem);}.kadence-column_9950eb-92 > .kt-inside-inner-col{flex-direction:column;}.kadence-column_9950eb-92 > .kt-inside-inner-col > .aligncenter{width:100%;}.kadence-column_9950eb-92 > .kt-inside-inner-col:before{opacity:0.3;}.kadence-column_9950eb-92{position:relative;}@media all and (max-width: 1024px){.kadence-column_9950eb-92 > .kt-inside-inner-col{flex-direction:column;justify-content:center;}}@media all and (max-width: 767px){.kadence-column_9950eb-92 > .kt-inside-inner-col{flex-direction:column;justify-content:center;}}<\/style>\n<div class=\"wp-block-kadence-column inner-column-2 kadence-column_9950eb-92 mapa\"><div class=\"kt-inside-inner-col\">\n<iframe src=\"https:\/\/www.google.com\/maps\/embed?pb=!1m14!1m8!1m3!1d11971.97079961514!2d2.1365786!3d41.3959649!3m2!1i1024!2i768!4f13.1!3m3!1m2!1s0x0%3A0xf0371b8857c7155!2sDental%20Clinic%20Stoma!5e0!3m2!1sca!2ses!4v1671449316401!5m2!1sca!2ses\" style=\"border:0; width:100%; height:100%;\" allowfullscreen=\" \" loading=\"lazy\" title=\"Mapa de la cl\u00ednica\" referrerpolicy=\"no-referrer-when-downgrade\"><\/iframe>\n<\/div><\/div>\n<\/div><\/div><\/div>\n","protected":false},"excerpt":{"rendered":"<p>Experiencia, prestigio, innovaci\u00f3n, tecnolog\u00eda y confianza. Son los ejes sobre los que se asienta la Cl\u00ednica Dental Stoma, pionera en Europa en servicios multidisciplinares y centro odontol\u00f3gico de referencia nacional e internacional para cualquier patolog\u00eda relacionada con la salud y est\u00e9tica dental.<\/p>\n","protected":false},"author":1,"featured_media":0,"parent":0,"menu_order":0,"comment_status":"closed","ping_status":"closed","template":"templates\/template-builder.php","meta":{"inline_featured_image":false,"footnotes":""},"class_list":["post-1415","page","type-page","status-publish","hentry","post","without-featured-image"],"featured_image_src":null,"featured_image_src_square":null,"_links":{"self":[{"href":"https:\/\/clinicadentalstoma.es\/es\/wp-json\/wp\/v2\/pages\/1415","targetHints":{"allow":["GET"]}}],"collection":[{"href":"https:\/\/clinicadentalstoma.es\/es\/wp-json\/wp\/v2\/pages"}],"about":[{"href":"https:\/\/clinicadentalstoma.es\/es\/wp-json\/wp\/v2\/types\/page"}],"author":[{"embeddable":true,"href":"https:\/\/clinicadentalstoma.es\/es\/wp-json\/wp\/v2\/users\/1"}],"replies":[{"embeddable":true,"href":"https:\/\/clinicadentalstoma.es\/es\/wp-json\/wp\/v2\/comments?post=1415"}],"version-history":[{"count":3,"href":"https:\/\/clinicadentalstoma.es\/es\/wp-json\/wp\/v2\/pages\/1415\/revisions"}],"predecessor-version":[{"id":1899,"href":"https:\/\/clinicadentalstoma.es\/es\/wp-json\/wp\/v2\/pages\/1415\/revisions\/1899"}],"wp:attachment":[{"href":"https:\/\/clinicadentalstoma.es\/es\/wp-json\/wp\/v2\/media?parent=1415"}],"curies":[{"name":"wp","href":"https:\/\/api.w.org\/{rel}","templated":true}]}}