{"id":1427,"date":"2022-05-26T15:18:20","date_gmt":"2022-05-26T13:18:20","guid":{"rendered":"https:\/\/clinicadentalstoma.es\/politica-de-cookies\/"},"modified":"2022-12-27T12:18:22","modified_gmt":"2022-12-27T11:18:22","slug":"politica-de-cookies","status":"publish","type":"page","link":"https:\/\/clinicadentalstoma.es\/es\/politica-de-cookies\/","title":{"rendered":"Pol\u00edtica de cookies"},"content":{"rendered":"\n<div class=\"wp-block-genesis-blocks-gb-container alignfull site--container interiors final gb-block-container\"><div class=\"gb-container-inside\"><div class=\"gb-container-content\">\n<div class=\"wp-block-cover alignfull is-light header--subhome privacitat animated fadeIn slower\"><span aria-hidden=\"true\" class=\"wp-block-cover__background has-background-dim-100 has-background-dim\" style=\"background-color:#fff7f0\"><\/span><div class=\"wp-block-cover__inner-container is-layout-flow wp-block-cover-is-layout-flow\"><h1 class=\"container animated fadeIn delay-1s slower wp-block-post-title\">Pol\u00edtica de cookies<\/h1><\/div><\/div>\n\n\n<style>#kt-layout-id_e7fabc-b9 > .kt-row-column-wrap{align-content:start;}:where(#kt-layout-id_e7fabc-b9 > .kt-row-column-wrap) > .wp-block-kadence-column{justify-content:start;}#kt-layout-id_e7fabc-b9 > .kt-row-column-wrap{column-gap:var(--global-kb-gap-lg, 4rem);row-gap:var(--global-kb-gap-md, 2rem);max-width:50%;margin-left:auto;margin-right:auto;padding-top:var( --global-kb-row-default-top, 25px );padding-bottom:var( --global-kb-row-default-bottom, 25px );padding-top:var(--global-kb-spacing-sm, 1.5rem);padding-bottom:var(--global-kb-spacing-sm, 1.5rem);grid-template-columns:minmax(0, 1fr);}#kt-layout-id_e7fabc-b9 > .kt-row-layout-overlay{opacity:0.30;}@media all and (max-width: 1024px){#kt-layout-id_e7fabc-b9 > .kt-row-column-wrap{max-width:75%;margin-left:auto;margin-right:auto;grid-template-columns:minmax(0, 1fr);}}@media all and (max-width: 767px){#kt-layout-id_e7fabc-b9 > .kt-row-column-wrap{max-width:100%;margin-left:auto;margin-right:auto;grid-template-columns:minmax(0, 1fr);}}<\/style>\n<div class=\"wp-block-kadence-rowlayout alignfull container--fila continguts animated fadeIn slower delay-1s\"><div id=\"kt-layout-id_e7fabc-b9\" class=\"kt-row-layout-inner kt-layout-id_e7fabc-b9\"><div class=\"kt-row-column-wrap kt-has-1-columns kt-gutter-wider kt-v-gutter-default kt-row-valign-top kt-row-layout-equal kt-tab-layout-inherit kt-m-colapse-left-to-right kt-mobile-layout-row\"><style>.kadence-column_b0dfe1-bd > .kt-inside-inner-col{border-top-width:0px;border-right-width:0px;border-bottom-width:0px;border-left-width:0px;}.kadence-column_b0dfe1-bd > .kt-inside-inner-col,.kadence-column_b0dfe1-bd > .kt-inside-inner-col:before{border-top-left-radius:0px;border-top-right-radius:0px;border-bottom-right-radius:0px;border-bottom-left-radius:0px;}.kadence-column_b0dfe1-bd > .kt-inside-inner-col{column-gap:var(--global-kb-gap-sm, 1rem);}.kadence-column_b0dfe1-bd > .kt-inside-inner-col{flex-direction:column;}.kadence-column_b0dfe1-bd > .kt-inside-inner-col > .aligncenter{width:100%;}.kadence-column_b0dfe1-bd > .kt-inside-inner-col:before{opacity:0.3;}.kadence-column_b0dfe1-bd{position:relative;}@media all and (max-width: 1024px){.kadence-column_b0dfe1-bd > .kt-inside-inner-col{flex-direction:column;justify-content:center;}}@media all and (max-width: 767px){.kadence-column_b0dfe1-bd > .kt-inside-inner-col{flex-direction:column;justify-content:center;}}<\/style>\n<div class=\"wp-block-kadence-column inner-column-1 kadence-column_b0dfe1-bd\"><div class=\"kt-inside-inner-col\">\n<p>Fecha de vigencia: 16 de diciembre de 2022<br>\u00daltima actualizaci\u00f3n: 16 de diciembre de 2022<\/p>\n\n\n\n<h2 class=\"wp-block-heading\">\u00bfQu\u00e9 son las cookies?<\/h2>\n\n\n\n<p>Esta Pol\u00edtica de cookies explica qu\u00e9 son las cookies y c\u00f3mo las usamos, los tipos de cookies que usamos, es decir, la informaci\u00f3n que recopilamos usando cookies y c\u00f3mo se usa esa informaci\u00f3n, y c\u00f3mo administrar la configuraci\u00f3n de cookies.<\/p>\n\n\n\n<p>Las cookies son peque\u00f1os archivos de texto que se utilizan para almacenar peque\u00f1os fragmentos de informaci\u00f3n. Se almacenan en su dispositivo cuando el sitio web se carga en su navegador. Estas cookies nos ayudan a hacer que el sitio web funcione correctamente, hacerlo m\u00e1s seguro, brindar una mejor experiencia de usuario y comprender c\u00f3mo funciona el sitio web y analizar qu\u00e9 funciona y d\u00f3nde necesita mejorar.<\/p>\n\n\n\n<h2 class=\"wp-block-heading\">C\u00f3mo usamos las cookies?<\/h2>\n\n\n\n<p>Como la mayor\u00eda de los servicios en l\u00ednea, nuestro sitio web utiliza cookies propias y de terceros para varios prop\u00f3sitos. Las cookies de origen son en su mayor\u00eda necesarias para que el sitio web funcione correctamente y no recopilan ninguno de sus datos de identificaci\u00f3n personal.<\/p>\n\n\n\n<p>Las cookies de terceros utilizadas en nuestro sitio web son principalmente para comprender c\u00f3mo funciona el sitio web, c\u00f3mo interact\u00faa con nuestro sitio web, mantener nuestros servicios seguros, proporcionar anuncios que son relevantes para usted y, en general, brindarle un usuario mejor y mejorado. experimentar y ayudar a acelerar sus futuras interacciones con nuestro sitio web.<\/p>\n\n\n\n<h2 class=\"wp-block-heading\">Tipos de Cookies que utilizamos<\/h2>\n\n\n\n<div class=\"cky-audit-table-element\"><\/div>\n\n\n\n<h2 class=\"wp-block-heading\">Administrar preferencias de cookies<\/h2>\n\n\n\n<a class=\"cky-banner-element\">Configuraci\u00f3n de las cookies<\/a> <br><br>\n\n<div><p>Puede cambiar sus preferencias de cookies en cualquier momento haciendo clic en el bot\u00f3n de arriba. Esto le permitir\u00e1 volver a visitar el banner de consentimiento de cookies y cambiar sus preferencias o retirar su consentimiento de inmediato. <\/p> <p>Adem\u00e1s de esto, diferentes navegadores proporcionan diferentes m\u00e9todos para bloquear y eliminar las cookies utilizadas por los sitios web. Puede cambiar la configuraci\u00f3n de su navegador para bloquear\/eliminar las cookies. A continuaci\u00f3n se enumeran los enlaces a los documentos de soporte sobre c\u00f3mo administrar y eliminar las cookies de los principales navegadores web.<\/p> <p>Chrome: <a href=\"https:\/\/support.google.com\/accounts\/answer\/32050\" target=\"_blank\" rel=\"noopener\">https:\/\/support.google.com\/accounts\/answer\/32050<\/a><\/p><p>Safari: <a href=\"https:\/\/support.apple.com\/en-in\/guide\/safari\/sfri11471\/mac\" target=\"_blank\" rel=\"noopener\">https:\/\/support.apple.com\/en-in\/guide\/safari\/sfri11471\/mac<\/a><\/p><p>Firefox: <a href=\"https:\/\/support.mozilla.org\/en-US\/kb\/clear-cookies-and-site-data-firefox?redirectslug=delete-cookies-remove-info-websites-stored&amp;redirectlocale=en-US\" target=\"_blank\" rel=\"noopener\">https:\/\/support.mozilla.org\/en-US\/kb\/clear-cookies-and-site-data-firefox?redirectslug=delete-cookies-remove-info-websites-stored&amp;redirectlocale=en-US<\/a><\/p><p>Internet Explorer: <a href=\"https:\/\/support.microsoft.com\/en-us\/topic\/how-to-delete-cookie-files-in-internet-explorer-bca9446f-d873-78de-77ba-d42645fa52fc\" target=\"_blank\" rel=\"noopener\">https:\/\/support.microsoft.com\/en-us\/topic\/how-to-delete-cookie-files-in-internet-explorer-bca9446f-d873-78de-77ba-d42645fa52fc<\/a><\/p><p>Si est\u00e1 utilizando cualquier otro navegador web, visite los documentos de soporte oficiales de su navegador.<\/p><\/div>\n<\/div><\/div>\n<\/div><\/div><\/div>\n<\/div><\/div><\/div>\n\n\n<style>#kt-layout-id_b6d9b5-ad > .kt-row-column-wrap{align-content:start;}:where(#kt-layout-id_b6d9b5-ad > .kt-row-column-wrap) > .wp-block-kadence-column{justify-content:start;}#kt-layout-id_b6d9b5-ad > .kt-row-column-wrap{column-gap:var(--global-kb-gap-none, 0rem );row-gap:var(--global-kb-gap-md, 2rem);padding-top:var( --global-kb-row-default-top, 25px );padding-bottom:var( --global-kb-row-default-bottom, 25px );padding-top:var(--global-kb-spacing-sm, 1.5rem);padding-bottom:var(--global-kb-spacing-sm, 1.5rem);grid-template-columns:repeat(2, minmax(0, 1fr));}#kt-layout-id_b6d9b5-ad > .kt-row-layout-overlay{opacity:0.30;}@media all and (max-width: 1024px){#kt-layout-id_b6d9b5-ad > .kt-row-column-wrap{grid-template-columns:repeat(2, minmax(0, 1fr));}}@media all and (max-width: 767px){#kt-layout-id_b6d9b5-ad > .kt-row-column-wrap{grid-template-columns:minmax(0, 1fr);}}<\/style>\n<div class=\"wp-block-kadence-rowlayout alignfull container--fila footer--visitans animated fadeIn slow\"><div id=\"kt-layout-id_b6d9b5-ad\" class=\"kt-row-layout-inner kt-layout-id_b6d9b5-ad\"><div class=\"kt-row-column-wrap kt-has-2-columns kt-gutter-none kt-v-gutter-default kt-row-valign-top kt-row-layout-equal kt-tab-layout-inherit kt-m-colapse-left-to-right kt-mobile-layout-row\"><style>.kadence-column_86f91a-fa > .kt-inside-inner-col{border-top-width:0px;border-right-width:0px;border-bottom-width:0px;border-left-width:0px;}.kadence-column_86f91a-fa > .kt-inside-inner-col,.kadence-column_86f91a-fa > .kt-inside-inner-col:before{border-top-left-radius:0px;border-top-right-radius:0px;border-bottom-right-radius:0px;border-bottom-left-radius:0px;}.kadence-column_86f91a-fa > .kt-inside-inner-col{column-gap:var(--global-kb-gap-sm, 1rem);}.kadence-column_86f91a-fa > .kt-inside-inner-col{flex-direction:column;}.kadence-column_86f91a-fa > .kt-inside-inner-col > .aligncenter{width:100%;}.kadence-column_86f91a-fa > .kt-inside-inner-col:before{opacity:0.3;}.kadence-column_86f91a-fa{position:relative;}@media all and (max-width: 1024px){.kadence-column_86f91a-fa > .kt-inside-inner-col{flex-direction:column;justify-content:center;}}@media all and (max-width: 767px){.kadence-column_86f91a-fa > .kt-inside-inner-col{flex-direction:column;justify-content:center;}}<\/style>\n<div class=\"wp-block-kadence-column inner-column-1 kadence-column_86f91a-fa container--fila--caixa--padding-left columna--visitans\"><div class=\"kt-inside-inner-col\">\n<p class=\"h1\">Vis\u00edtanos<\/p>\n\n\n<style>#kt-layout-id_271f95-e8{margin-top:0px;margin-bottom:0px;}#kt-layout-id_271f95-e8 > .kt-row-column-wrap{align-content:start;}:where(#kt-layout-id_271f95-e8 > .kt-row-column-wrap) > .wp-block-kadence-column{justify-content:start;}#kt-layout-id_271f95-e8 > .kt-row-column-wrap{column-gap:var(--global-kb-gap-md, 2rem);row-gap:var(--global-kb-gap-md, 2rem);padding-top:var( --global-kb-row-default-top, 25px );padding-bottom:var( --global-kb-row-default-bottom, 25px );padding-top:0px;padding-bottom:0px;}#kt-layout-id_271f95-e8 > .kt-row-column-wrap > div:not(.added-for-specificity){grid-column:initial;}#kt-layout-id_271f95-e8 > .kt-row-column-wrap{grid-template-columns:minmax(0, 1fr);}#kt-layout-id_271f95-e8 > .kt-row-layout-overlay{opacity:0.30;}@media all and (max-width: 1024px){#kt-layout-id_271f95-e8 > .kt-row-column-wrap > div:not(.added-for-specificity){grid-column:initial;}}@media all and (max-width: 1024px){#kt-layout-id_271f95-e8 > .kt-row-column-wrap{grid-template-columns:minmax(0, 1fr);}}@media all and (max-width: 767px){#kt-layout-id_271f95-e8 > .kt-row-column-wrap > div:not(.added-for-specificity){grid-column:initial;}#kt-layout-id_271f95-e8 > .kt-row-column-wrap{grid-template-columns:minmax(0, 1fr);}}<\/style>\n<div class=\"wp-block-kadence-rowlayout alignnone\"><div id=\"kt-layout-id_271f95-e8\" class=\"kt-row-layout-inner kt-layout-id_271f95-e8\"><div class=\"kt-row-column-wrap kt-has-3-columns kt-gutter-default kt-v-gutter-default kt-row-valign-top kt-row-layout-row kt-tab-layout-inherit kt-m-colapse-left-to-right kt-mobile-layout-row\"><style>.kadence-column_4cbbd2-b3 > .kt-inside-inner-col{padding-top:0px;padding-bottom:0px;}.kadence-column_4cbbd2-b3 > .kt-inside-inner-col{border-top-width:0px;border-right-width:0px;border-bottom-width:0px;border-left-width:0px;}.kadence-column_4cbbd2-b3 > .kt-inside-inner-col,.kadence-column_4cbbd2-b3 > .kt-inside-inner-col:before{border-top-left-radius:0px;border-top-right-radius:0px;border-bottom-right-radius:0px;border-bottom-left-radius:0px;}.kadence-column_4cbbd2-b3 > .kt-inside-inner-col{column-gap:var(--global-kb-gap-sm, 1rem);}.kadence-column_4cbbd2-b3 > .kt-inside-inner-col{flex-direction:column;}.kadence-column_4cbbd2-b3 > .kt-inside-inner-col > .aligncenter{width:100%;}.kadence-column_4cbbd2-b3 > .kt-inside-inner-col:before{opacity:0.3;}.kadence-column_4cbbd2-b3{position:relative;}.wp-block-kadence-column.kadence-column_4cbbd2-b3 > .kt-inside-inner-col{margin-top:0px;margin-bottom:0px;}@media all and (max-width: 1024px){.kadence-column_4cbbd2-b3 > .kt-inside-inner-col{flex-direction:column;justify-content:center;}}@media all and (max-width: 767px){.kadence-column_4cbbd2-b3 > .kt-inside-inner-col{flex-direction:column;justify-content:center;}}<\/style>\n<div class=\"wp-block-kadence-column inner-column-1 kadence-column_4cbbd2-b3 visitans--adreca\"><div class=\"kt-inside-inner-col\">\n<p>C\/ Ganduxer 47, Bajos. 08021 Barcelona.<br>Tel\u00e9fono: <a href=\"tel:34932012511\">(34) 932 012 511<\/a><br>Email: <a href=\"mailto:info@clinicadentalstoma.es\">info@clinicadentalstoma.es<\/a><\/p>\n<\/div><\/div>\n\n\n<style>.kadence-column_655b74-73 > .kt-inside-inner-col{padding-top:0px;padding-bottom:0px;}.kadence-column_655b74-73 > .kt-inside-inner-col{border-top-width:0px;border-right-width:0px;border-bottom-width:0px;border-left-width:0px;}.kadence-column_655b74-73 > .kt-inside-inner-col,.kadence-column_655b74-73 > .kt-inside-inner-col:before{border-top-left-radius:0px;border-top-right-radius:0px;border-bottom-right-radius:0px;border-bottom-left-radius:0px;}.kadence-column_655b74-73 > .kt-inside-inner-col{column-gap:var(--global-kb-gap-sm, 1rem);}.kadence-column_655b74-73 > .kt-inside-inner-col{flex-direction:column;}.kadence-column_655b74-73 > .kt-inside-inner-col > .aligncenter{width:100%;}.kadence-column_655b74-73 > .kt-inside-inner-col:before{opacity:0.3;}.kadence-column_655b74-73{position:relative;}.wp-block-kadence-column.kadence-column_655b74-73 > .kt-inside-inner-col{margin-top:0px;margin-bottom:0px;}@media all and (max-width: 1024px){.kadence-column_655b74-73 > .kt-inside-inner-col{flex-direction:column;justify-content:center;}}@media all and (max-width: 767px){.kadence-column_655b74-73 > .kt-inside-inner-col{flex-direction:column;justify-content:center;}}<\/style>\n<div class=\"wp-block-kadence-column inner-column-2 kadence-column_655b74-73 visitans--transport\"><div class=\"kt-inside-inner-col\">\n<p>Ferrocarriles de la Generalitat, l\u00edneas S6, S7. Estaci\u00f3n: La Bonanova.<br>Bus V11 y 68: Parada V\u00eda Augusta-Ganduxer.<br>Bus 70 y H6: Parada Mitre-Dr. Fleming.<br>Parking m\u00e1s cercano:<br>Ganduxer 25-27 (INDIGO). 1h gratuita.<\/p>\n<\/div><\/div>\n\n\n<style>.kadence-column_54a279-62 > .kt-inside-inner-col{padding-top:0px;padding-bottom:0px;}.kadence-column_54a279-62 > .kt-inside-inner-col{border-top-width:0px;border-right-width:0px;border-bottom-width:0px;border-left-width:0px;}.kadence-column_54a279-62 > .kt-inside-inner-col,.kadence-column_54a279-62 > .kt-inside-inner-col:before{border-top-left-radius:0px;border-top-right-radius:0px;border-bottom-right-radius:0px;border-bottom-left-radius:0px;}.kadence-column_54a279-62 > .kt-inside-inner-col{column-gap:var(--global-kb-gap-sm, 1rem);}.kadence-column_54a279-62 > .kt-inside-inner-col{flex-direction:column;}.kadence-column_54a279-62 > .kt-inside-inner-col > .aligncenter{width:100%;}.kadence-column_54a279-62 > .kt-inside-inner-col:before{opacity:0.3;}.kadence-column_54a279-62{position:relative;}.wp-block-kadence-column.kadence-column_54a279-62 > .kt-inside-inner-col{margin-top:0px;margin-bottom:0px;}@media all and (max-width: 1024px){.kadence-column_54a279-62 > .kt-inside-inner-col{flex-direction:column;justify-content:center;}}@media all and (max-width: 767px){.kadence-column_54a279-62 > .kt-inside-inner-col{flex-direction:column;justify-content:center;}}<\/style>\n<div class=\"wp-block-kadence-column inner-column-3 kadence-column_54a279-62 visitans--horari\"><div class=\"kt-inside-inner-col\">\n<p>Lunes a Jueves de 8h a 20h.<br>Viernes de 8h a 14h.<\/p>\n<\/div><\/div>\n<\/div><\/div><\/div>\n<\/div><\/div>\n\n\n<style>.kadence-column_9950eb-92 > .kt-inside-inner-col{border-top-width:0px;border-right-width:0px;border-bottom-width:0px;border-left-width:0px;}.kadence-column_9950eb-92 > .kt-inside-inner-col,.kadence-column_9950eb-92 > .kt-inside-inner-col:before{border-top-left-radius:0px;border-top-right-radius:0px;border-bottom-right-radius:0px;border-bottom-left-radius:0px;}.kadence-column_9950eb-92 > .kt-inside-inner-col{column-gap:var(--global-kb-gap-sm, 1rem);}.kadence-column_9950eb-92 > .kt-inside-inner-col{flex-direction:column;}.kadence-column_9950eb-92 > .kt-inside-inner-col > .aligncenter{width:100%;}.kadence-column_9950eb-92 > .kt-inside-inner-col:before{opacity:0.3;}.kadence-column_9950eb-92{position:relative;}@media all and (max-width: 1024px){.kadence-column_9950eb-92 > .kt-inside-inner-col{flex-direction:column;justify-content:center;}}@media all and (max-width: 767px){.kadence-column_9950eb-92 > .kt-inside-inner-col{flex-direction:column;justify-content:center;}}<\/style>\n<div class=\"wp-block-kadence-column inner-column-2 kadence-column_9950eb-92 mapa\"><div class=\"kt-inside-inner-col\">\n<iframe src=\"https:\/\/www.google.com\/maps\/embed?pb=!1m14!1m8!1m3!1d11971.97079961514!2d2.1365786!3d41.3959649!3m2!1i1024!2i768!4f13.1!3m3!1m2!1s0x0%3A0xf0371b8857c7155!2sDental%20Clinic%20Stoma!5e0!3m2!1sca!2ses!4v1671449316401!5m2!1sca!2ses\" style=\"border:0; width:100%; height:100%;\" allowfullscreen=\" \" loading=\"lazy\" title=\"Mapa de la cl\u00ednica\" referrerpolicy=\"no-referrer-when-downgrade\"><\/iframe>\n<\/div><\/div>\n<\/div><\/div><\/div>\n","protected":false},"excerpt":{"rendered":"","protected":false},"author":1,"featured_media":0,"parent":0,"menu_order":0,"comment_status":"closed","ping_status":"closed","template":"templates\/template-builder.php","meta":{"inline_featured_image":false,"footnotes":""},"class_list":["post-1427","page","type-page","status-publish","hentry","post","without-featured-image"],"featured_image_src":null,"featured_image_src_square":null,"_links":{"self":[{"href":"https:\/\/clinicadentalstoma.es\/es\/wp-json\/wp\/v2\/pages\/1427","targetHints":{"allow":["GET"]}}],"collection":[{"href":"https:\/\/clinicadentalstoma.es\/es\/wp-json\/wp\/v2\/pages"}],"about":[{"href":"https:\/\/clinicadentalstoma.es\/es\/wp-json\/wp\/v2\/types\/page"}],"author":[{"embeddable":true,"href":"https:\/\/clinicadentalstoma.es\/es\/wp-json\/wp\/v2\/users\/1"}],"replies":[{"embeddable":true,"href":"https:\/\/clinicadentalstoma.es\/es\/wp-json\/wp\/v2\/comments?post=1427"}],"version-history":[{"count":5,"href":"https:\/\/clinicadentalstoma.es\/es\/wp-json\/wp\/v2\/pages\/1427\/revisions"}],"predecessor-version":[{"id":2021,"href":"https:\/\/clinicadentalstoma.es\/es\/wp-json\/wp\/v2\/pages\/1427\/revisions\/2021"}],"wp:attachment":[{"href":"https:\/\/clinicadentalstoma.es\/es\/wp-json\/wp\/v2\/media?parent=1427"}],"curies":[{"name":"wp","href":"https:\/\/api.w.org\/{rel}","templated":true}]}}