{"id":1444,"date":"2022-05-26T15:12:03","date_gmt":"2022-05-26T13:12:03","guid":{"rendered":"https:\/\/clinicadentalstoma.es\/somriure\/"},"modified":"2022-12-16T14:55:14","modified_gmt":"2022-12-16T13:55:14","slug":"sonrisa","status":"publish","type":"page","link":"https:\/\/clinicadentalstoma.es\/es\/sonrisa\/","title":{"rendered":"Sonrisa"},"content":{"rendered":"\n<div class=\"wp-block-genesis-blocks-gb-container alignfull site--container interiors final solucio gb-block-container\"><div class=\"gb-container-inside\"><div class=\"gb-container-content\">\n<div class=\"wp-block-cover alignfull is-light has-parallax header--final animated fadeIn slower\"><span aria-hidden=\"true\" class=\"wp-block-cover__background has-black-background-color has-background-dim-30 has-background-dim\"><\/span><div role=\"img\" class=\"wp-block-cover__image-background wp-image-98 has-parallax\" style=\"background-position:50% 50%;background-image:url(https:\/\/clinicadentalstoma.es\/wp-content\/uploads\/2022\/06\/header-somriure-scaled.jpg)\"><\/div><div class=\"wp-block-cover__inner-container is-layout-flow wp-block-cover-is-layout-flow\">\n<div class=\"wp-block-genesis-blocks-gb-button container boto-text animated fadeIn delay-1s slower gb-block-button\"><a href=\"https:\/\/clinicadentalstoma.es\/es\/soluciones\/\" class=\"gb-button gb-button-shape-square gb-button-size-medium\" style=\"color:#ffffff;background-color:#3373dc\">Soluciones<\/a><\/div>\n\n\n<h1 class=\"container animated fadeIn delay-1s slower wp-block-post-title\">Sonrisa<\/h1>\n\n<div class=\"container animated fadeIn delay-1s slower wp-block-post-excerpt\"><p class=\"wp-block-post-excerpt__excerpt\">\u00bfNo te gusta la expresi\u00f3n y la forma de tu sonrisa? \u00bfTienes los dientes separados? \u00bfQuieres lucir unos dientes m\u00e1s blancos? Cuando sonr\u00edes, \u00bfse te ven mucho las enc\u00edas? <\/p><\/div><\/div><\/div>\n\n\n<style>#kt-layout-id_b765d4-fb > .kt-row-column-wrap{align-content:start;}:where(#kt-layout-id_b765d4-fb > .kt-row-column-wrap) > .wp-block-kadence-column{justify-content:start;}#kt-layout-id_b765d4-fb > .kt-row-column-wrap{column-gap:var(--global-kb-gap-lg, 4rem);row-gap:var(--global-kb-gap-md, 2rem);max-width:50%;margin-left:auto;margin-right:auto;padding-top:var( --global-kb-row-default-top, 25px );padding-bottom:var( --global-kb-row-default-bottom, 25px );padding-top:var(--global-kb-spacing-sm, 1.5rem);padding-bottom:var(--global-kb-spacing-sm, 1.5rem);grid-template-columns:minmax(0, 1fr);}#kt-layout-id_b765d4-fb > .kt-row-layout-overlay{opacity:0.30;}@media all and (max-width: 1024px){#kt-layout-id_b765d4-fb > .kt-row-column-wrap{max-width:75%;margin-left:auto;margin-right:auto;grid-template-columns:minmax(0, 1fr);}}@media all and (max-width: 767px){#kt-layout-id_b765d4-fb > .kt-row-column-wrap{max-width:100%;margin-left:auto;margin-right:auto;grid-template-columns:minmax(0, 1fr);}}<\/style>\n<div class=\"wp-block-kadence-rowlayout alignfull container--fila continguts animated fadeIn slow\"><div id=\"kt-layout-id_b765d4-fb\" class=\"kt-row-layout-inner kt-layout-id_b765d4-fb\"><div class=\"kt-row-column-wrap kt-has-1-columns kt-gutter-wider kt-v-gutter-default kt-row-valign-top kt-row-layout-equal kt-tab-layout-inherit kt-m-colapse-left-to-right kt-mobile-layout-row\"><style>.kadence-column_b0dfe1-bd > .kt-inside-inner-col{border-top-width:0px;border-right-width:0px;border-bottom-width:0px;border-left-width:0px;}.kadence-column_b0dfe1-bd > .kt-inside-inner-col,.kadence-column_b0dfe1-bd > .kt-inside-inner-col:before{border-top-left-radius:0px;border-top-right-radius:0px;border-bottom-right-radius:0px;border-bottom-left-radius:0px;}.kadence-column_b0dfe1-bd > .kt-inside-inner-col{column-gap:var(--global-kb-gap-sm, 1rem);}.kadence-column_b0dfe1-bd > .kt-inside-inner-col{flex-direction:column;}.kadence-column_b0dfe1-bd > .kt-inside-inner-col > .aligncenter{width:100%;}.kadence-column_b0dfe1-bd > .kt-inside-inner-col:before{opacity:0.3;}.kadence-column_b0dfe1-bd{position:relative;}@media all and (max-width: 1024px){.kadence-column_b0dfe1-bd > .kt-inside-inner-col{flex-direction:column;justify-content:center;}}@media all and (max-width: 767px){.kadence-column_b0dfe1-bd > .kt-inside-inner-col{flex-direction:column;justify-content:center;}}<\/style>\n<div class=\"wp-block-kadence-column inner-column-1 kadence-column_b0dfe1-bd\"><div class=\"kt-inside-inner-col\"><style>.wp-block-kadence-advancedheading.kt-adv-heading_3d86f3-59, .wp-block-kadence-advancedheading.kt-adv-heading_3d86f3-59[data-kb-block=\"kb-adv-heading_3d86f3-59\"]{font-style:normal;}.wp-block-kadence-advancedheading.kt-adv-heading_3d86f3-59 mark.kt-highlight, .wp-block-kadence-advancedheading.kt-adv-heading_3d86f3-59[data-kb-block=\"kb-adv-heading_3d86f3-59\"] mark.kt-highlight{font-style:normal;color:#f76a0c;-webkit-box-decoration-break:clone;box-decoration-break:clone;padding-top:0px;padding-right:0px;padding-bottom:0px;padding-left:0px;}.wp-block-kadence-advancedheading.kt-adv-heading_3d86f3-59 img.kb-inline-image, .wp-block-kadence-advancedheading.kt-adv-heading_3d86f3-59[data-kb-block=\"kb-adv-heading_3d86f3-59\"] img.kb-inline-image{width:150px;vertical-align:baseline;}<\/style>\n<h2 class=\"kt-adv-heading_3d86f3-59 wp-block-kadence-advancedheading\" data-kb-block=\"kb-adv-heading_3d86f3-59\">\u00bfNo te gusta la expresi\u00f3n y la forma de tu sonrisa?<\/h2>\n\n\n\n<p>No solo el color, la forma o posici\u00f3n de los dientes es importante. Estos deben relacionarse con la boca y cara de forma adecuada para conseguir una sonrisa bonita y armonizada. En Cl\u00ednica Stoma estudiaremos tu caso y lo analizaremos juntos para hallar la mejor soluci\u00f3n.<\/p>\n\n\n<style>.wp-block-kadence-advancedheading.kt-adv-heading_f2b169-d2, .wp-block-kadence-advancedheading.kt-adv-heading_f2b169-d2[data-kb-block=\"kb-adv-heading_f2b169-d2\"]{font-style:normal;}.wp-block-kadence-advancedheading.kt-adv-heading_f2b169-d2 mark.kt-highlight, .wp-block-kadence-advancedheading.kt-adv-heading_f2b169-d2[data-kb-block=\"kb-adv-heading_f2b169-d2\"] mark.kt-highlight{font-style:normal;color:#f76a0c;-webkit-box-decoration-break:clone;box-decoration-break:clone;padding-top:0px;padding-right:0px;padding-bottom:0px;padding-left:0px;}.wp-block-kadence-advancedheading.kt-adv-heading_f2b169-d2 img.kb-inline-image, .wp-block-kadence-advancedheading.kt-adv-heading_f2b169-d2[data-kb-block=\"kb-adv-heading_f2b169-d2\"] img.kb-inline-image{width:150px;vertical-align:baseline;}<\/style>\n<h2 class=\"kt-adv-heading_f2b169-d2 wp-block-kadence-advancedheading\" data-kb-block=\"kb-adv-heading_f2b169-d2\">\u00bfTienes los dientes separados?<\/h2>\n\n\n\n<p>Existen diferentes tratamientos para los dientes separados, como las carillas o la ortodoncia. En Cl\u00ednica Stoma estudiaremos la mejor opci\u00f3n para ti y te expondremos las ventajas de cada una de ellas para que juntos podamos tomar la decisi\u00f3n \u00f3ptima.<\/p>\n\n\n<style>.wp-block-kadence-advancedheading.kt-adv-heading_ab96b0-a8, .wp-block-kadence-advancedheading.kt-adv-heading_ab96b0-a8[data-kb-block=\"kb-adv-heading_ab96b0-a8\"]{font-style:normal;}.wp-block-kadence-advancedheading.kt-adv-heading_ab96b0-a8 mark.kt-highlight, .wp-block-kadence-advancedheading.kt-adv-heading_ab96b0-a8[data-kb-block=\"kb-adv-heading_ab96b0-a8\"] mark.kt-highlight{font-style:normal;color:#f76a0c;-webkit-box-decoration-break:clone;box-decoration-break:clone;padding-top:0px;padding-right:0px;padding-bottom:0px;padding-left:0px;}.wp-block-kadence-advancedheading.kt-adv-heading_ab96b0-a8 img.kb-inline-image, .wp-block-kadence-advancedheading.kt-adv-heading_ab96b0-a8[data-kb-block=\"kb-adv-heading_ab96b0-a8\"] img.kb-inline-image{width:150px;vertical-align:baseline;}<\/style>\n<h2 class=\"kt-adv-heading_ab96b0-a8 wp-block-kadence-advancedheading\" data-kb-block=\"kb-adv-heading_ab96b0-a8\">\u00bfQuieres lucir unos dientes m\u00e1s blancos?<\/h2>\n\n\n\n<p>D\u00e9janos ayudarte a conseguir un efecto \u00f3ptimo de una forma segura y saludable. La intensidad del blanqueamiento depender\u00e1 de cada paciente y de su color particular, que deber\u00e1 ser estudiado por el especialista para determinar las expectativas del blanqueamiento. Recuerda que existen algunas circunstancias en las que no es aconsejable el blanqueamiento (mujeres embarazadas o en periodo de lactancia, diabetes, enfermedades card\u00edacas, menores de 13 a\u00f1os).<\/p>\n\n\n<style>.wp-block-kadence-advancedheading.kt-adv-heading_ee2c56-a6, .wp-block-kadence-advancedheading.kt-adv-heading_ee2c56-a6[data-kb-block=\"kb-adv-heading_ee2c56-a6\"]{font-style:normal;}.wp-block-kadence-advancedheading.kt-adv-heading_ee2c56-a6 mark.kt-highlight, .wp-block-kadence-advancedheading.kt-adv-heading_ee2c56-a6[data-kb-block=\"kb-adv-heading_ee2c56-a6\"] mark.kt-highlight{font-style:normal;color:#f76a0c;-webkit-box-decoration-break:clone;box-decoration-break:clone;padding-top:0px;padding-right:0px;padding-bottom:0px;padding-left:0px;}.wp-block-kadence-advancedheading.kt-adv-heading_ee2c56-a6 img.kb-inline-image, .wp-block-kadence-advancedheading.kt-adv-heading_ee2c56-a6[data-kb-block=\"kb-adv-heading_ee2c56-a6\"] img.kb-inline-image{width:150px;vertical-align:baseline;}<\/style>\n<h2 class=\"kt-adv-heading_ee2c56-a6 wp-block-kadence-advancedheading\" data-kb-block=\"kb-adv-heading_ee2c56-a6\">Cuando sonr\u00edes, \u00bfse te ven mucho las enc\u00edas?<\/h2>\n\n\n\n<p>La llamada \u2018sonrisa gingival\u2019 puede tener diferentes causas, como un m\u00fasculo elevador del labio superior demasiado desarrollado o una estrecha conexi\u00f3n entre el labio y las enc\u00edas. Es importante analizar bien tu necesidad, con profesionales cualificados y experimentados, para tomar una decisi\u00f3n correcta. De esta forma te sentir\u00e1s a gusto con tu sonrisa.<\/p>\n<\/div><\/div>\n<\/div><\/div><\/div>\n<\/div><\/div><\/div>\n\n\n<style>#kt-layout-id_b6d9b5-ad > .kt-row-column-wrap{align-content:start;}:where(#kt-layout-id_b6d9b5-ad > .kt-row-column-wrap) > .wp-block-kadence-column{justify-content:start;}#kt-layout-id_b6d9b5-ad > .kt-row-column-wrap{column-gap:var(--global-kb-gap-none, 0rem );row-gap:var(--global-kb-gap-md, 2rem);padding-top:var( --global-kb-row-default-top, 25px );padding-bottom:var( --global-kb-row-default-bottom, 25px );padding-top:var(--global-kb-spacing-sm, 1.5rem);padding-bottom:var(--global-kb-spacing-sm, 1.5rem);grid-template-columns:repeat(2, minmax(0, 1fr));}#kt-layout-id_b6d9b5-ad > .kt-row-layout-overlay{opacity:0.30;}@media all and (max-width: 1024px){#kt-layout-id_b6d9b5-ad > .kt-row-column-wrap{grid-template-columns:repeat(2, minmax(0, 1fr));}}@media all and (max-width: 767px){#kt-layout-id_b6d9b5-ad > .kt-row-column-wrap{grid-template-columns:minmax(0, 1fr);}}<\/style>\n<div class=\"wp-block-kadence-rowlayout alignfull container--fila footer--visitans animated fadeIn slow\"><div id=\"kt-layout-id_b6d9b5-ad\" class=\"kt-row-layout-inner kt-layout-id_b6d9b5-ad\"><div class=\"kt-row-column-wrap kt-has-2-columns kt-gutter-none kt-v-gutter-default kt-row-valign-top kt-row-layout-equal kt-tab-layout-inherit kt-m-colapse-left-to-right kt-mobile-layout-row\"><style>.kadence-column_86f91a-fa > .kt-inside-inner-col{border-top-width:0px;border-right-width:0px;border-bottom-width:0px;border-left-width:0px;}.kadence-column_86f91a-fa > .kt-inside-inner-col,.kadence-column_86f91a-fa > .kt-inside-inner-col:before{border-top-left-radius:0px;border-top-right-radius:0px;border-bottom-right-radius:0px;border-bottom-left-radius:0px;}.kadence-column_86f91a-fa > .kt-inside-inner-col{column-gap:var(--global-kb-gap-sm, 1rem);}.kadence-column_86f91a-fa > .kt-inside-inner-col{flex-direction:column;}.kadence-column_86f91a-fa > .kt-inside-inner-col > .aligncenter{width:100%;}.kadence-column_86f91a-fa > .kt-inside-inner-col:before{opacity:0.3;}.kadence-column_86f91a-fa{position:relative;}@media all and (max-width: 1024px){.kadence-column_86f91a-fa > .kt-inside-inner-col{flex-direction:column;justify-content:center;}}@media all and (max-width: 767px){.kadence-column_86f91a-fa > .kt-inside-inner-col{flex-direction:column;justify-content:center;}}<\/style>\n<div class=\"wp-block-kadence-column inner-column-1 kadence-column_86f91a-fa container--fila--caixa--padding-left columna--visitans\"><div class=\"kt-inside-inner-col\">\n<p class=\"h1\">Vis\u00edtanos<\/p>\n\n\n<style>#kt-layout-id_271f95-e8{margin-top:0px;margin-bottom:0px;}#kt-layout-id_271f95-e8 > .kt-row-column-wrap{align-content:start;}:where(#kt-layout-id_271f95-e8 > .kt-row-column-wrap) > .wp-block-kadence-column{justify-content:start;}#kt-layout-id_271f95-e8 > .kt-row-column-wrap{column-gap:var(--global-kb-gap-md, 2rem);row-gap:var(--global-kb-gap-md, 2rem);padding-top:var( --global-kb-row-default-top, 25px );padding-bottom:var( --global-kb-row-default-bottom, 25px );padding-top:0px;padding-bottom:0px;}#kt-layout-id_271f95-e8 > .kt-row-column-wrap > div:not(.added-for-specificity){grid-column:initial;}#kt-layout-id_271f95-e8 > .kt-row-column-wrap{grid-template-columns:minmax(0, 1fr);}#kt-layout-id_271f95-e8 > .kt-row-layout-overlay{opacity:0.30;}@media all and (max-width: 1024px){#kt-layout-id_271f95-e8 > .kt-row-column-wrap > div:not(.added-for-specificity){grid-column:initial;}}@media all and (max-width: 1024px){#kt-layout-id_271f95-e8 > .kt-row-column-wrap{grid-template-columns:minmax(0, 1fr);}}@media all and (max-width: 767px){#kt-layout-id_271f95-e8 > .kt-row-column-wrap > div:not(.added-for-specificity){grid-column:initial;}#kt-layout-id_271f95-e8 > .kt-row-column-wrap{grid-template-columns:minmax(0, 1fr);}}<\/style>\n<div class=\"wp-block-kadence-rowlayout alignnone\"><div id=\"kt-layout-id_271f95-e8\" class=\"kt-row-layout-inner kt-layout-id_271f95-e8\"><div class=\"kt-row-column-wrap kt-has-3-columns kt-gutter-default kt-v-gutter-default kt-row-valign-top kt-row-layout-row kt-tab-layout-inherit kt-m-colapse-left-to-right kt-mobile-layout-row\"><style>.kadence-column_4cbbd2-b3 > .kt-inside-inner-col{padding-top:0px;padding-bottom:0px;}.kadence-column_4cbbd2-b3 > .kt-inside-inner-col{border-top-width:0px;border-right-width:0px;border-bottom-width:0px;border-left-width:0px;}.kadence-column_4cbbd2-b3 > .kt-inside-inner-col,.kadence-column_4cbbd2-b3 > .kt-inside-inner-col:before{border-top-left-radius:0px;border-top-right-radius:0px;border-bottom-right-radius:0px;border-bottom-left-radius:0px;}.kadence-column_4cbbd2-b3 > .kt-inside-inner-col{column-gap:var(--global-kb-gap-sm, 1rem);}.kadence-column_4cbbd2-b3 > .kt-inside-inner-col{flex-direction:column;}.kadence-column_4cbbd2-b3 > .kt-inside-inner-col > .aligncenter{width:100%;}.kadence-column_4cbbd2-b3 > .kt-inside-inner-col:before{opacity:0.3;}.kadence-column_4cbbd2-b3{position:relative;}.wp-block-kadence-column.kadence-column_4cbbd2-b3 > .kt-inside-inner-col{margin-top:0px;margin-bottom:0px;}@media all and (max-width: 1024px){.kadence-column_4cbbd2-b3 > .kt-inside-inner-col{flex-direction:column;justify-content:center;}}@media all and (max-width: 767px){.kadence-column_4cbbd2-b3 > .kt-inside-inner-col{flex-direction:column;justify-content:center;}}<\/style>\n<div class=\"wp-block-kadence-column inner-column-1 kadence-column_4cbbd2-b3 visitans--adreca\"><div class=\"kt-inside-inner-col\">\n<p>C\/ Ganduxer 47, Bajos. 08021 Barcelona.<br>Tel\u00e9fono: <a href=\"tel:34932012511\">(34) 932 012 511<\/a><br>Email: <a href=\"mailto:info@clinicadentalstoma.es\">info@clinicadentalstoma.es<\/a><\/p>\n<\/div><\/div>\n\n\n<style>.kadence-column_655b74-73 > .kt-inside-inner-col{padding-top:0px;padding-bottom:0px;}.kadence-column_655b74-73 > .kt-inside-inner-col{border-top-width:0px;border-right-width:0px;border-bottom-width:0px;border-left-width:0px;}.kadence-column_655b74-73 > .kt-inside-inner-col,.kadence-column_655b74-73 > .kt-inside-inner-col:before{border-top-left-radius:0px;border-top-right-radius:0px;border-bottom-right-radius:0px;border-bottom-left-radius:0px;}.kadence-column_655b74-73 > .kt-inside-inner-col{column-gap:var(--global-kb-gap-sm, 1rem);}.kadence-column_655b74-73 > .kt-inside-inner-col{flex-direction:column;}.kadence-column_655b74-73 > .kt-inside-inner-col > .aligncenter{width:100%;}.kadence-column_655b74-73 > .kt-inside-inner-col:before{opacity:0.3;}.kadence-column_655b74-73{position:relative;}.wp-block-kadence-column.kadence-column_655b74-73 > .kt-inside-inner-col{margin-top:0px;margin-bottom:0px;}@media all and (max-width: 1024px){.kadence-column_655b74-73 > .kt-inside-inner-col{flex-direction:column;justify-content:center;}}@media all and (max-width: 767px){.kadence-column_655b74-73 > .kt-inside-inner-col{flex-direction:column;justify-content:center;}}<\/style>\n<div class=\"wp-block-kadence-column inner-column-2 kadence-column_655b74-73 visitans--transport\"><div class=\"kt-inside-inner-col\">\n<p>Ferrocarriles de la Generalitat, l\u00edneas S6, S7. Estaci\u00f3n: La Bonanova.<br>Bus V11 y 68: Parada V\u00eda Augusta-Ganduxer.<br>Bus 70 y H6: Parada Mitre-Dr. Fleming.<br>Parking m\u00e1s cercano:<br>Ganduxer 25-27 (INDIGO). 1h gratuita.<\/p>\n<\/div><\/div>\n\n\n<style>.kadence-column_54a279-62 > .kt-inside-inner-col{padding-top:0px;padding-bottom:0px;}.kadence-column_54a279-62 > .kt-inside-inner-col{border-top-width:0px;border-right-width:0px;border-bottom-width:0px;border-left-width:0px;}.kadence-column_54a279-62 > .kt-inside-inner-col,.kadence-column_54a279-62 > .kt-inside-inner-col:before{border-top-left-radius:0px;border-top-right-radius:0px;border-bottom-right-radius:0px;border-bottom-left-radius:0px;}.kadence-column_54a279-62 > .kt-inside-inner-col{column-gap:var(--global-kb-gap-sm, 1rem);}.kadence-column_54a279-62 > .kt-inside-inner-col{flex-direction:column;}.kadence-column_54a279-62 > .kt-inside-inner-col > .aligncenter{width:100%;}.kadence-column_54a279-62 > .kt-inside-inner-col:before{opacity:0.3;}.kadence-column_54a279-62{position:relative;}.wp-block-kadence-column.kadence-column_54a279-62 > .kt-inside-inner-col{margin-top:0px;margin-bottom:0px;}@media all and (max-width: 1024px){.kadence-column_54a279-62 > .kt-inside-inner-col{flex-direction:column;justify-content:center;}}@media all and (max-width: 767px){.kadence-column_54a279-62 > .kt-inside-inner-col{flex-direction:column;justify-content:center;}}<\/style>\n<div class=\"wp-block-kadence-column inner-column-3 kadence-column_54a279-62 visitans--horari\"><div class=\"kt-inside-inner-col\">\n<p>Lunes a Jueves de 8h a 20h.<br>Viernes de 8h a 14h.<\/p>\n<\/div><\/div>\n<\/div><\/div><\/div>\n<\/div><\/div>\n\n\n<style>.kadence-column_9950eb-92 > .kt-inside-inner-col{border-top-width:0px;border-right-width:0px;border-bottom-width:0px;border-left-width:0px;}.kadence-column_9950eb-92 > .kt-inside-inner-col,.kadence-column_9950eb-92 > .kt-inside-inner-col:before{border-top-left-radius:0px;border-top-right-radius:0px;border-bottom-right-radius:0px;border-bottom-left-radius:0px;}.kadence-column_9950eb-92 > .kt-inside-inner-col{column-gap:var(--global-kb-gap-sm, 1rem);}.kadence-column_9950eb-92 > .kt-inside-inner-col{flex-direction:column;}.kadence-column_9950eb-92 > .kt-inside-inner-col > .aligncenter{width:100%;}.kadence-column_9950eb-92 > .kt-inside-inner-col:before{opacity:0.3;}.kadence-column_9950eb-92{position:relative;}@media all and (max-width: 1024px){.kadence-column_9950eb-92 > .kt-inside-inner-col{flex-direction:column;justify-content:center;}}@media all and (max-width: 767px){.kadence-column_9950eb-92 > .kt-inside-inner-col{flex-direction:column;justify-content:center;}}<\/style>\n<div class=\"wp-block-kadence-column inner-column-2 kadence-column_9950eb-92 mapa\"><div class=\"kt-inside-inner-col\">\n<iframe src=\"https:\/\/www.google.com\/maps\/embed?pb=!1m14!1m8!1m3!1d11971.97079961514!2d2.1365786!3d41.3959649!3m2!1i1024!2i768!4f13.1!3m3!1m2!1s0x0%3A0xf0371b8857c7155!2sDental%20Clinic%20Stoma!5e0!3m2!1sca!2ses!4v1671449316401!5m2!1sca!2ses\" style=\"border:0; width:100%; height:100%;\" allowfullscreen=\" \" loading=\"lazy\" title=\"Mapa de la cl\u00ednica\" referrerpolicy=\"no-referrer-when-downgrade\"><\/iframe>\n<\/div><\/div>\n<\/div><\/div><\/div>\n","protected":false},"excerpt":{"rendered":"<p>\u00bfNo te gusta la expresi\u00f3n y la forma de tu sonrisa? \u00bfTienes los dientes separados? \u00bfQuieres lucir unos dientes m\u00e1s blancos? Cuando sonr\u00edes, \u00bfse te ven mucho las enc\u00edas?<\/p>\n","protected":false},"author":1,"featured_media":0,"parent":0,"menu_order":0,"comment_status":"closed","ping_status":"closed","template":"templates\/template-builder.php","meta":{"inline_featured_image":false,"footnotes":""},"class_list":["post-1444","page","type-page","status-publish","hentry","post","without-featured-image"],"featured_image_src":null,"featured_image_src_square":null,"_links":{"self":[{"href":"https:\/\/clinicadentalstoma.es\/es\/wp-json\/wp\/v2\/pages\/1444","targetHints":{"allow":["GET"]}}],"collection":[{"href":"https:\/\/clinicadentalstoma.es\/es\/wp-json\/wp\/v2\/pages"}],"about":[{"href":"https:\/\/clinicadentalstoma.es\/es\/wp-json\/wp\/v2\/types\/page"}],"author":[{"embeddable":true,"href":"https:\/\/clinicadentalstoma.es\/es\/wp-json\/wp\/v2\/users\/1"}],"replies":[{"embeddable":true,"href":"https:\/\/clinicadentalstoma.es\/es\/wp-json\/wp\/v2\/comments?post=1444"}],"version-history":[{"count":2,"href":"https:\/\/clinicadentalstoma.es\/es\/wp-json\/wp\/v2\/pages\/1444\/revisions"}],"predecessor-version":[{"id":1905,"href":"https:\/\/clinicadentalstoma.es\/es\/wp-json\/wp\/v2\/pages\/1444\/revisions\/1905"}],"wp:attachment":[{"href":"https:\/\/clinicadentalstoma.es\/es\/wp-json\/wp\/v2\/media?parent=1444"}],"curies":[{"name":"wp","href":"https:\/\/api.w.org\/{rel}","templated":true}]}}